{"id":4787,"date":"2026-03-02T21:10:10","date_gmt":"2026-03-02T21:10:10","guid":{"rendered":"https:\/\/photodealers.pt\/?post_type=product&#038;p=4787"},"modified":"2026-03-02T21:14:18","modified_gmt":"2026-03-02T21:14:18","slug":"kodak-charmera-keychain","status":"publish","type":"product","link":"https:\/\/photodealers.pt\/en\/produto\/kodak-charmera-keychain\/","title":{"rendered":"Kodak Charmera Keychain"},"content":{"rendered":"<p>Transforme cada momento numa celebra\u00e7\u00e3o de divers\u00e3o e nostalgia!<\/p>\n<p>Ao prender a c\u00e2mara porta-chaves \u00e0 sua mala, leva consigo muito mais do que um acess\u00f3rio \u2014 \u00e9 um charme e uma c\u00e2mara num s\u00f3. Perfeita para captar cenas de rua, registar os melhores momentos de uma festa ou tirar selfies espont\u00e2neas, guardando para sempre os seus momentos mais especiais. \u2728\ud83d\udcf8<\/p>\n","protected":false},"excerpt":{"rendered":"<p>Transforme cada momento numa celebra\u00e7\u00e3o de divers\u00e3o e nostalgia!<\/p>\n<p>Ao prender a c\u00e2mara porta-chaves \u00e0 sua mala, leva consigo muito mais do que um acess\u00f3rio \u2014 \u00e9 um charme e uma c\u00e2mara num s\u00f3. Perfeita para captar cenas de rua, registar os melhores momentos de uma festa ou tirar selfies espont\u00e2neas, guardando para sempre os seus momentos mais especiais. \u2728\ud83d\udcf8<\/p>\n","protected":false},"featured_media":4792,"template":"","meta":[],"product_brand":[],"product_cat":[83],"product_tag":[],"class_list":{"0":"post-4787","1":"product","2":"type-product","3":"status-publish","4":"has-post-thumbnail","6":"product_cat-maquinas","8":"first","9":"instock","10":"taxable","11":"shipping-taxable","12":"purchasable","13":"product-type-simple"},"tiered_pricing_type":"fixed","tiered_pricing_fixed_rules":[],"tiered_pricing_product_settings":{"layout":"default","base_unit_name":{"singular":null,"plural":null},"default_variation":null},"tiered_pricing_minimum_quantity":null,"tiered_pricing_roles_data":[],"tiered_pricing_percentage_rules":[],"_links":{"self":[{"href":"https:\/\/photodealers.pt\/en\/wp-json\/wp\/v2\/product\/4787","targetHints":{"allow":["GET"]}}],"collection":[{"href":"https:\/\/photodealers.pt\/en\/wp-json\/wp\/v2\/product"}],"about":[{"href":"https:\/\/photodealers.pt\/en\/wp-json\/wp\/v2\/types\/product"}],"wp:featuredmedia":[{"embeddable":true,"href":"https:\/\/photodealers.pt\/en\/wp-json\/wp\/v2\/media\/4792"}],"wp:attachment":[{"href":"https:\/\/photodealers.pt\/en\/wp-json\/wp\/v2\/media?parent=4787"}],"wp:term":[{"taxonomy":"product_brand","embeddable":true,"href":"https:\/\/photodealers.pt\/en\/wp-json\/wp\/v2\/product_brand?post=4787"},{"taxonomy":"product_cat","embeddable":true,"href":"https:\/\/photodealers.pt\/en\/wp-json\/wp\/v2\/product_cat?post=4787"},{"taxonomy":"product_tag","embeddable":true,"href":"https:\/\/photodealers.pt\/en\/wp-json\/wp\/v2\/product_tag?post=4787"}],"curies":[{"name":"wp","href":"https:\/\/api.w.org\/{rel}","templated":true}]}}