{"id":4704,"date":"2025-12-27T21:20:34","date_gmt":"2025-12-27T21:20:34","guid":{"rendered":"https:\/\/photodealers.pt\/?post_type=product&#038;p=4704"},"modified":"2026-03-29T16:17:28","modified_gmt":"2026-03-29T16:17:28","slug":"kodak-vision3-500t-135-36-ahu-photo-dealers","status":"publish","type":"product","link":"https:\/\/photodealers.pt\/en\/produto\/kodak-vision3-500t-135-36-ahu-photo-dealers\/","title":{"rendered":"Kodak Vision3 500T 135\/36 AHU Photo Dealers"},"content":{"rendered":"<p>O AHU (Anti-Halation Undercoating) \u00e9 uma nova camada interna que substitui o Remjet. Essa camada \u00e9 projetada para desaparecer no processo de revela\u00e7\u00e3o (possivelmente no branqueamento) e n\u00e3o exige pr\u00e9-limpeza. Isso permite que o filme seja processado em C-41, al\u00e9m dos tradicionais ECN-2 utilizados para filmes cinematogr\u00e1ficos.<\/p>\n","protected":false},"excerpt":{"rendered":"<p>O AHU (Anti-Halation Undercoating) \u00e9 uma nova camada interna que substitui o Remjet. Essa camada \u00e9 projetada para desaparecer no processo de revela\u00e7\u00e3o (possivelmente no branqueamento) e n\u00e3o exige pr\u00e9-limpeza. Isso permite que o filme seja processado em C-41, al\u00e9m dos tradicionais ECN-2 utilizados para filmes cinematogr\u00e1ficos.<\/p>\n","protected":false},"featured_media":4705,"template":"","meta":[],"product_brand":[],"product_cat":[152,171,205],"product_tag":[],"class_list":{"0":"post-4704","1":"product","2":"type-product","3":"status-publish","4":"has-post-thumbnail","6":"product_cat-film","7":"product_cat-cinefilm-color","8":"product_cat-general","10":"first","11":"instock","12":"taxable","13":"shipping-taxable","14":"purchasable","15":"product-type-simple"},"tiered_pricing_type":"fixed","tiered_pricing_fixed_rules":[],"tiered_pricing_product_settings":{"layout":"default","base_unit_name":{"singular":null,"plural":null},"default_variation":null},"tiered_pricing_minimum_quantity":null,"tiered_pricing_roles_data":[],"tiered_pricing_percentage_rules":[],"_links":{"self":[{"href":"https:\/\/photodealers.pt\/en\/wp-json\/wp\/v2\/product\/4704","targetHints":{"allow":["GET"]}}],"collection":[{"href":"https:\/\/photodealers.pt\/en\/wp-json\/wp\/v2\/product"}],"about":[{"href":"https:\/\/photodealers.pt\/en\/wp-json\/wp\/v2\/types\/product"}],"wp:featuredmedia":[{"embeddable":true,"href":"https:\/\/photodealers.pt\/en\/wp-json\/wp\/v2\/media\/4705"}],"wp:attachment":[{"href":"https:\/\/photodealers.pt\/en\/wp-json\/wp\/v2\/media?parent=4704"}],"wp:term":[{"taxonomy":"product_brand","embeddable":true,"href":"https:\/\/photodealers.pt\/en\/wp-json\/wp\/v2\/product_brand?post=4704"},{"taxonomy":"product_cat","embeddable":true,"href":"https:\/\/photodealers.pt\/en\/wp-json\/wp\/v2\/product_cat?post=4704"},{"taxonomy":"product_tag","embeddable":true,"href":"https:\/\/photodealers.pt\/en\/wp-json\/wp\/v2\/product_tag?post=4704"}],"curies":[{"name":"wp","href":"https:\/\/api.w.org\/{rel}","templated":true}]}}