{"id":4701,"date":"2025-12-27T21:09:22","date_gmt":"2025-12-27T21:09:22","guid":{"rendered":"https:\/\/photodealers.pt\/?post_type=product&#038;p=4701"},"modified":"2025-12-27T21:11:52","modified_gmt":"2025-12-27T21:11:52","slug":"camera-sprite-35-ii-reusable","status":"publish","type":"product","link":"https:\/\/photodealers.pt\/en\/produto\/camera-sprite-35-ii-reusable\/","title":{"rendered":"Camera SPRITE 35-II Reusable"},"content":{"rendered":"<p>A Ilford Sprite 35-II \u00e9 uma forma divertida e acess\u00edvel de entrar na fotografia anal\u00f3gica!<\/p>\n<p>H\u00e1 muitas boas raz\u00f5es pelas quais algumas pessoas adoram o aspeto e a sensa\u00e7\u00e3o aut\u00eanticos das fotografias geradas em filme; existe tamb\u00e9m a disciplina de ter apenas 24 ou 36 exposi\u00e7\u00f5es para usar, bem como a antecipa\u00e7\u00e3o de revelar um rolo. E h\u00e1 ainda o desejo de abrandar face ao ritmo implac\u00e1vel da tecnologia digital e da gratifica\u00e7\u00e3o instant\u00e2nea.<\/p>\n<p>Os utilizadores podem carregar a Sprite 35-II com o seu filme favorito, seja negativo a cores ou preto e branco, permitindo captar instant\u00e2neos r\u00e1pidos ou cenas monocrom\u00e1ticas cheias de atmosfera. A c\u00e2mara possui uma alavanca manual de avan\u00e7o do filme, para passar de exposi\u00e7\u00e3o em exposi\u00e7\u00e3o, e permite rebobinar o rolo quando o filme termina.<\/p>\n<p>\u00c9 extremamente leve e compacta.<\/p>\n","protected":false},"excerpt":{"rendered":"<p>A Ilford Sprite 35-II \u00e9 uma forma divertida e acess\u00edvel de entrar na fotografia anal\u00f3gica!<\/p>\n<p>H\u00e1 muitas boas raz\u00f5es pelas quais algumas pessoas adoram o aspeto e a sensa\u00e7\u00e3o aut\u00eanticos das fotografias geradas em filme; existe tamb\u00e9m a disciplina de ter apenas 24 ou 36 exposi\u00e7\u00f5es para usar, bem como a antecipa\u00e7\u00e3o de revelar um rolo. E h\u00e1 ainda o desejo de abrandar face ao ritmo implac\u00e1vel da tecnologia digital e da gratifica\u00e7\u00e3o instant\u00e2nea.<\/p>\n<p>Os utilizadores podem carregar a Sprite 35-II com o seu filme favorito, seja negativo a cores ou preto e branco, permitindo captar instant\u00e2neos r\u00e1pidos ou cenas monocrom\u00e1ticas cheias de atmosfera. A c\u00e2mara possui uma alavanca manual de avan\u00e7o do filme, para passar de exposi\u00e7\u00e3o em exposi\u00e7\u00e3o, e permite rebobinar o rolo quando o filme termina.<\/p>\n<p>\u00c9 extremamente leve e compacta.<\/p>\n","protected":false},"featured_media":4702,"template":"","meta":[],"product_brand":[],"product_cat":[150,158],"product_tag":[],"class_list":{"0":"post-4701","1":"product","2":"type-product","3":"status-publish","4":"has-post-thumbnail","6":"product_cat-cameras","7":"product_cat-35mm-cameras","9":"first","10":"instock","11":"taxable","12":"shipping-taxable","13":"purchasable","14":"product-type-simple"},"tiered_pricing_type":"fixed","tiered_pricing_fixed_rules":[],"tiered_pricing_product_settings":{"layout":"default","base_unit_name":{"singular":null,"plural":null},"default_variation":null},"tiered_pricing_minimum_quantity":null,"tiered_pricing_roles_data":[],"tiered_pricing_percentage_rules":[],"_links":{"self":[{"href":"https:\/\/photodealers.pt\/en\/wp-json\/wp\/v2\/product\/4701","targetHints":{"allow":["GET"]}}],"collection":[{"href":"https:\/\/photodealers.pt\/en\/wp-json\/wp\/v2\/product"}],"about":[{"href":"https:\/\/photodealers.pt\/en\/wp-json\/wp\/v2\/types\/product"}],"wp:featuredmedia":[{"embeddable":true,"href":"https:\/\/photodealers.pt\/en\/wp-json\/wp\/v2\/media\/4702"}],"wp:attachment":[{"href":"https:\/\/photodealers.pt\/en\/wp-json\/wp\/v2\/media?parent=4701"}],"wp:term":[{"taxonomy":"product_brand","embeddable":true,"href":"https:\/\/photodealers.pt\/en\/wp-json\/wp\/v2\/product_brand?post=4701"},{"taxonomy":"product_cat","embeddable":true,"href":"https:\/\/photodealers.pt\/en\/wp-json\/wp\/v2\/product_cat?post=4701"},{"taxonomy":"product_tag","embeddable":true,"href":"https:\/\/photodealers.pt\/en\/wp-json\/wp\/v2\/product_tag?post=4701"}],"curies":[{"name":"wp","href":"https:\/\/api.w.org\/{rel}","templated":true}]}}