{"id":4690,"date":"2025-12-27T21:00:09","date_gmt":"2025-12-27T21:00:09","guid":{"rendered":"https:\/\/photodealers.pt\/?post_type=product&#038;p=4690"},"modified":"2025-12-27T21:01:56","modified_gmt":"2025-12-27T21:01:56","slug":"kentmere-200-120","status":"publish","type":"product","link":"https:\/\/photodealers.pt\/en\/produto\/kentmere-200-120\/","title":{"rendered":"Kentmere 200 120"},"content":{"rendered":"<p>Kentmere PAN 200 \u00e9 um filme preto e branco ISO 200, com contraste refor\u00e7ado, adequado para a maioria das aplica\u00e7\u00f5es e condi\u00e7\u00f5es de fotografia.<\/p>\n<ul>\n<li>Gr\u00e3o fino e boa nitidez<\/li>\n<li>Ampla gama tonal, com sombras limpas e alto contraste<\/li>\n<li>Sensibilidade m\u00e9dia ISO 200<\/li>\n<li>Processamento a Preto &amp; Branco<\/li>\n<\/ul>\n","protected":false},"excerpt":{"rendered":"<p>Kentmere PAN 200 \u00e9 um filme preto e branco ISO 200, com contraste refor\u00e7ado, adequado para a maioria das aplica\u00e7\u00f5es e condi\u00e7\u00f5es de fotografia.<\/p>\n<ul>\n<li>Gr\u00e3o fino e boa nitidez<\/li>\n<li>Ampla gama tonal, com sombras limpas e alto contraste<\/li>\n<li>Sensibilidade m\u00e9dia ISO 200<\/li>\n<li>Processamento a Preto &amp; Branco<\/li>\n<\/ul>\n","protected":false},"featured_media":4697,"template":"","meta":[],"product_brand":[],"product_cat":[152,170,205],"product_tag":[],"class_list":{"0":"post-4690","1":"product","2":"type-product","3":"status-publish","4":"has-post-thumbnail","6":"product_cat-film","7":"product_cat-black-and-white","8":"product_cat-general","10":"first","11":"instock","12":"taxable","13":"shipping-taxable","14":"purchasable","15":"product-type-simple"},"tiered_pricing_type":"fixed","tiered_pricing_fixed_rules":[],"tiered_pricing_product_settings":{"layout":"default","base_unit_name":{"singular":null,"plural":null},"default_variation":null},"tiered_pricing_minimum_quantity":null,"tiered_pricing_roles_data":[],"tiered_pricing_percentage_rules":[],"_links":{"self":[{"href":"https:\/\/photodealers.pt\/en\/wp-json\/wp\/v2\/product\/4690","targetHints":{"allow":["GET"]}}],"collection":[{"href":"https:\/\/photodealers.pt\/en\/wp-json\/wp\/v2\/product"}],"about":[{"href":"https:\/\/photodealers.pt\/en\/wp-json\/wp\/v2\/types\/product"}],"wp:featuredmedia":[{"embeddable":true,"href":"https:\/\/photodealers.pt\/en\/wp-json\/wp\/v2\/media\/4697"}],"wp:attachment":[{"href":"https:\/\/photodealers.pt\/en\/wp-json\/wp\/v2\/media?parent=4690"}],"wp:term":[{"taxonomy":"product_brand","embeddable":true,"href":"https:\/\/photodealers.pt\/en\/wp-json\/wp\/v2\/product_brand?post=4690"},{"taxonomy":"product_cat","embeddable":true,"href":"https:\/\/photodealers.pt\/en\/wp-json\/wp\/v2\/product_cat?post=4690"},{"taxonomy":"product_tag","embeddable":true,"href":"https:\/\/photodealers.pt\/en\/wp-json\/wp\/v2\/product_tag?post=4690"}],"curies":[{"name":"wp","href":"https:\/\/api.w.org\/{rel}","templated":true}]}}