{"id":4669,"date":"2025-12-13T17:43:06","date_gmt":"2025-12-13T17:43:06","guid":{"rendered":"https:\/\/photodealers.pt\/?post_type=product&#038;p=4669"},"modified":"2026-03-04T14:33:03","modified_gmt":"2026-03-04T14:33:03","slug":"lomography-color-tiger-110-200-asa-1-pack","status":"publish","type":"product","link":"https:\/\/photodealers.pt\/en\/produto\/lomography-color-tiger-110-200-asa-1-pack\/","title":{"rendered":"Lomography Color Tiger 110 200 ASA 1-pack"},"content":{"rendered":"<p>Todas as est\u00e9ticas ic\u00f3nicas de negativo a cores da Lomography reunidas num rolo miniatura de filme 110, para uma experi\u00eancia verdadeiramente selvagem.<\/p>\n<ul>\n<li>Anda \u00e0 ca\u00e7a de fotografias cheias de impacto visual<\/li>\n<li>Sensibilidade \u00e0 luz m\u00e9dia a baixa com ISO 200<\/li>\n<li>Gr\u00e3o lind\u00edssimo, especialmente quando ampliado<\/li>\n<li>Ideal para instant\u00e2neos vibrantes na selva urbana<\/li>\n<li>Somos os \u00fanicos no mercado a produzir filme 110!<\/li>\n<\/ul>\n<p>Formato do filme: 110<\/p>\n<p>Tipo de filme: Negativo a cores<\/p>\n<p>ISO: 200<\/p>\n<p>C\u00f3digo DX: N\u00e3o<\/p>\n<p>Processo de revela\u00e7\u00e3o: C-41<\/p>\n<p>Exposi\u00e7\u00f5es por rolo: 24<\/p>\n","protected":false},"excerpt":{"rendered":"<p>Todas as est\u00e9ticas ic\u00f3nicas de negativo a cores da Lomography reunidas num rolo miniatura de filme 110, para uma experi\u00eancia verdadeiramente selvagem.<\/p>\n<ul>\n<li>Anda \u00e0 ca\u00e7a de fotografias cheias de impacto visual<\/li>\n<li>Sensibilidade \u00e0 luz m\u00e9dia a baixa com ISO 200<\/li>\n<li>Gr\u00e3o lind\u00edssimo, especialmente quando ampliado<\/li>\n<li>Ideal para instant\u00e2neos vibrantes na selva urbana<\/li>\n<li>Somos os \u00fanicos no mercado a produzir filme 110!<\/li>\n<\/ul>\n<p>Formato do filme: 110<\/p>\n<p>Tipo de filme: Negativo a cores<\/p>\n<p>ISO: 200<\/p>\n<p>C\u00f3digo DX: N\u00e3o<\/p>\n<p>Processo de revela\u00e7\u00e3o: C-41<\/p>\n<p>Exposi\u00e7\u00f5es por rolo: 24<\/p>\n","protected":false},"featured_media":4678,"template":"","meta":[],"product_brand":[],"product_cat":[15,85],"product_tag":[],"class_list":{"0":"post-4669","1":"product","2":"type-product","3":"status-publish","4":"has-post-thumbnail","6":"product_cat-geral","7":"product_cat-pelicula","9":"first","10":"instock","11":"taxable","12":"shipping-taxable","13":"purchasable","14":"product-type-simple"},"tiered_pricing_type":"fixed","tiered_pricing_fixed_rules":[],"tiered_pricing_product_settings":{"layout":"default","base_unit_name":{"singular":null,"plural":null},"default_variation":null},"tiered_pricing_minimum_quantity":null,"tiered_pricing_roles_data":[],"tiered_pricing_percentage_rules":[],"_links":{"self":[{"href":"https:\/\/photodealers.pt\/en\/wp-json\/wp\/v2\/product\/4669","targetHints":{"allow":["GET"]}}],"collection":[{"href":"https:\/\/photodealers.pt\/en\/wp-json\/wp\/v2\/product"}],"about":[{"href":"https:\/\/photodealers.pt\/en\/wp-json\/wp\/v2\/types\/product"}],"wp:featuredmedia":[{"embeddable":true,"href":"https:\/\/photodealers.pt\/en\/wp-json\/wp\/v2\/media\/4678"}],"wp:attachment":[{"href":"https:\/\/photodealers.pt\/en\/wp-json\/wp\/v2\/media?parent=4669"}],"wp:term":[{"taxonomy":"product_brand","embeddable":true,"href":"https:\/\/photodealers.pt\/en\/wp-json\/wp\/v2\/product_brand?post=4669"},{"taxonomy":"product_cat","embeddable":true,"href":"https:\/\/photodealers.pt\/en\/wp-json\/wp\/v2\/product_cat?post=4669"},{"taxonomy":"product_tag","embeddable":true,"href":"https:\/\/photodealers.pt\/en\/wp-json\/wp\/v2\/product_tag?post=4669"}],"curies":[{"name":"wp","href":"https:\/\/api.w.org\/{rel}","templated":true}]}}