{"id":4646,"date":"2025-12-13T17:33:03","date_gmt":"2025-12-13T17:33:03","guid":{"rendered":"https:\/\/photodealers.pt\/?post_type=product&#038;p=4646"},"modified":"2025-12-13T17:34:10","modified_gmt":"2025-12-13T17:34:10","slug":"lomography-800-120-color-negative-film-1-pack","status":"publish","type":"product","link":"https:\/\/photodealers.pt\/en\/produto\/lomography-800-120-color-negative-film-1-pack\/","title":{"rendered":"Lomography 800\/120 color negative Film 1-pack"},"content":{"rendered":"<p>Espera cores deslumbrantes e uma nitidez impressionante com os filmes Lomography Color Negative. O Lomography Color Negative 120 ISO 800 oferece gr\u00e3o moderado e excelente desempenho em condi\u00e7\u00f5es de pouca luz num pack de um \u00fanico rolo.<\/p>\n<ul>\n<li>A chamar todos os amantes de velocidade \u2014 este \u00e9 para voc\u00eas<\/li>\n<li>Alta sensibilidade \u00e0 luz com ISO 800<\/li>\n<li>Cores ousadas e um gr\u00e3o lind\u00edssimo<\/li>\n<li>Resultados profissionais a um pre\u00e7o acess\u00edvel<\/li>\n<li>Ideal para dias cinzentos, fotografia noturna e at\u00e9 subaqu\u00e1tica<\/li>\n<\/ul>\n<p>Formato do filme: 120<\/p>\n<p>Tipo de filme: Negativo a cores<\/p>\n<p>ISO: 800<\/p>\n<p>C\u00f3digo DX: N\u00e3o<\/p>\n<p>Processo de revela\u00e7\u00e3o: C-41<\/p>\n<p>Exposi\u00e7\u00f5es por rolo: 10\u201316 (dependendo do formato)<\/p>\n","protected":false},"excerpt":{"rendered":"<p>Espera cores deslumbrantes e uma nitidez impressionante com os filmes Lomography Color Negative. O Lomography Color Negative 120 ISO 800 oferece gr\u00e3o moderado e excelente desempenho em condi\u00e7\u00f5es de pouca luz num pack de um \u00fanico rolo.<\/p>\n<ul>\n<li>A chamar todos os amantes de velocidade \u2014 este \u00e9 para voc\u00eas<\/li>\n<li>Alta sensibilidade \u00e0 luz com ISO 800<\/li>\n<li>Cores ousadas e um gr\u00e3o lind\u00edssimo<\/li>\n<li>Resultados profissionais a um pre\u00e7o acess\u00edvel<\/li>\n<li>Ideal para dias cinzentos, fotografia noturna e at\u00e9 subaqu\u00e1tica<\/li>\n<\/ul>\n<p>Formato do filme: 120<\/p>\n<p>Tipo de filme: Negativo a cores<\/p>\n<p>ISO: 800<\/p>\n<p>C\u00f3digo DX: N\u00e3o<\/p>\n<p>Processo de revela\u00e7\u00e3o: C-41<\/p>\n<p>Exposi\u00e7\u00f5es por rolo: 10\u201316 (dependendo do formato)<\/p>\n","protected":false},"featured_media":4655,"template":"","meta":[],"product_brand":[],"product_cat":[15,85],"product_tag":[],"class_list":{"0":"post-4646","1":"product","2":"type-product","3":"status-publish","4":"has-post-thumbnail","6":"product_cat-geral","7":"product_cat-pelicula","9":"first","10":"instock","11":"taxable","12":"shipping-taxable","13":"purchasable","14":"product-type-simple"},"tiered_pricing_type":"fixed","tiered_pricing_fixed_rules":[],"tiered_pricing_product_settings":{"layout":"default","base_unit_name":{"singular":null,"plural":null},"default_variation":null},"tiered_pricing_minimum_quantity":null,"tiered_pricing_roles_data":[],"tiered_pricing_percentage_rules":[],"_links":{"self":[{"href":"https:\/\/photodealers.pt\/en\/wp-json\/wp\/v2\/product\/4646","targetHints":{"allow":["GET"]}}],"collection":[{"href":"https:\/\/photodealers.pt\/en\/wp-json\/wp\/v2\/product"}],"about":[{"href":"https:\/\/photodealers.pt\/en\/wp-json\/wp\/v2\/types\/product"}],"wp:featuredmedia":[{"embeddable":true,"href":"https:\/\/photodealers.pt\/en\/wp-json\/wp\/v2\/media\/4655"}],"wp:attachment":[{"href":"https:\/\/photodealers.pt\/en\/wp-json\/wp\/v2\/media?parent=4646"}],"wp:term":[{"taxonomy":"product_brand","embeddable":true,"href":"https:\/\/photodealers.pt\/en\/wp-json\/wp\/v2\/product_brand?post=4646"},{"taxonomy":"product_cat","embeddable":true,"href":"https:\/\/photodealers.pt\/en\/wp-json\/wp\/v2\/product_cat?post=4646"},{"taxonomy":"product_tag","embeddable":true,"href":"https:\/\/photodealers.pt\/en\/wp-json\/wp\/v2\/product_tag?post=4646"}],"curies":[{"name":"wp","href":"https:\/\/api.w.org\/{rel}","templated":true}]}}