{"id":4634,"date":"2025-12-13T17:28:27","date_gmt":"2025-12-13T17:28:27","guid":{"rendered":"https:\/\/photodealers.pt\/?post_type=product&#038;p=4634"},"modified":"2025-12-13T17:29:34","modified_gmt":"2025-12-13T17:29:34","slug":"lomography-400-120-color-negative-1-pack","status":"publish","type":"product","link":"https:\/\/photodealers.pt\/en\/produto\/lomography-400-120-color-negative-1-pack\/","title":{"rendered":"Lomography 400\/120 color negative 1-pack"},"content":{"rendered":"<p>Espera cores deslumbrantes e uma nitidez impressionante com os filmes Lomography Color Negative. O Lomography Color Negative 120 ISO 400 oferece gr\u00e3o fino e uma versatilidade imbat\u00edvel num pack de um \u00fanico rolo.<\/p>\n<p>\u2022O teu negativo a cores de elei\u00e7\u00e3o, fa\u00e7a chuva ou fa\u00e7a sol<\/p>\n<p>\u2022Sensibilidade m\u00e9dia \u00e0 luz com ISO 400<\/p>\n<p>\u2022Cores vibrantes e gr\u00e3o fino<\/p>\n<p>\u2022Resultados profissionais a um pre\u00e7o acess\u00edvel<\/p>\n<p>\u2022Ideal para captar todas as cores bonitas, em qualquer condi\u00e7\u00e3o de luz<\/p>\n<p>Formato do filme: 120<\/p>\n<p>Tipo de filme: Negativo a cores<\/p>\n<p>ISO: 400<\/p>\n<p>C\u00f3digo DX: N\u00e3o<\/p>\n<p>Processo de revela\u00e7\u00e3o: C-41<\/p>\n<p>Exposi\u00e7\u00f5es por rolo: 10\u201316 (dependendo do formato)<\/p>\n","protected":false},"excerpt":{"rendered":"<p>Espera cores deslumbrantes e uma nitidez impressionante com os filmes Lomography Color Negative. O Lomography Color Negative 120 ISO 400 oferece gr\u00e3o fino e uma versatilidade imbat\u00edvel num pack de um \u00fanico rolo.<\/p>\n<ul>\n<li>O teu negativo a cores de elei\u00e7\u00e3o, fa\u00e7a chuva ou fa\u00e7a sol<\/li>\n<li>Sensibilidade m\u00e9dia \u00e0 luz com ISO 400<\/li>\n<li>Cores vibrantes e gr\u00e3o fino<\/li>\n<li>Resultados profissionais a um pre\u00e7o acess\u00edvel<\/li>\n<li>Ideal para captar todas as cores bonitas, em qualquer condi\u00e7\u00e3o de luz<\/li>\n<\/ul>\n<p>Formato do filme: 120<\/p>\n<p>Tipo de filme: Negativo a cores<\/p>\n<p>ISO: 400<\/p>\n<p>C\u00f3digo DX: N\u00e3o<\/p>\n<p>Processo de revela\u00e7\u00e3o: C-41<\/p>\n<p>Exposi\u00e7\u00f5es por rolo: 10\u201316 (dependendo do formato)<\/p>\n","protected":false},"featured_media":4643,"template":"","meta":[],"product_brand":[],"product_cat":[15,85],"product_tag":[],"class_list":{"0":"post-4634","1":"product","2":"type-product","3":"status-publish","4":"has-post-thumbnail","6":"product_cat-geral","7":"product_cat-pelicula","9":"first","10":"instock","11":"taxable","12":"shipping-taxable","13":"purchasable","14":"product-type-simple"},"tiered_pricing_type":"fixed","tiered_pricing_fixed_rules":[],"tiered_pricing_product_settings":{"layout":"default","base_unit_name":{"singular":null,"plural":null},"default_variation":null},"tiered_pricing_minimum_quantity":null,"tiered_pricing_roles_data":[],"tiered_pricing_percentage_rules":[],"_links":{"self":[{"href":"https:\/\/photodealers.pt\/en\/wp-json\/wp\/v2\/product\/4634","targetHints":{"allow":["GET"]}}],"collection":[{"href":"https:\/\/photodealers.pt\/en\/wp-json\/wp\/v2\/product"}],"about":[{"href":"https:\/\/photodealers.pt\/en\/wp-json\/wp\/v2\/types\/product"}],"wp:featuredmedia":[{"embeddable":true,"href":"https:\/\/photodealers.pt\/en\/wp-json\/wp\/v2\/media\/4643"}],"wp:attachment":[{"href":"https:\/\/photodealers.pt\/en\/wp-json\/wp\/v2\/media?parent=4634"}],"wp:term":[{"taxonomy":"product_brand","embeddable":true,"href":"https:\/\/photodealers.pt\/en\/wp-json\/wp\/v2\/product_brand?post=4634"},{"taxonomy":"product_cat","embeddable":true,"href":"https:\/\/photodealers.pt\/en\/wp-json\/wp\/v2\/product_cat?post=4634"},{"taxonomy":"product_tag","embeddable":true,"href":"https:\/\/photodealers.pt\/en\/wp-json\/wp\/v2\/product_tag?post=4634"}],"curies":[{"name":"wp","href":"https:\/\/api.w.org\/{rel}","templated":true}]}}