{"id":4610,"date":"2025-12-13T17:03:35","date_gmt":"2025-12-13T17:03:35","guid":{"rendered":"https:\/\/photodealers.pt\/?post_type=product&#038;p=4610"},"modified":"2025-12-27T20:37:58","modified_gmt":"2025-12-27T20:37:58","slug":"lc-color-sun-kissed-400-120-film-1-pack","status":"publish","type":"product","link":"https:\/\/photodealers.pt\/en\/produto\/lc-color-sun-kissed-400-120-film-1-pack\/","title":{"rendered":"Lomography Color Sun-Kissed 400\/120 Film 1- pack"},"content":{"rendered":"<p>D\u00e1 \u00e0s tuas fotografias um encantador brilho de golden hour dos anos 90 e mergulha na nostalgia com esta nova e vers\u00e1til emuls\u00e3o de negativo a cores.<\/p>\n<ul>\n<li>Capta retratos luminosos com tons de pele radiantes<\/li>\n<li>Descobre tons suaves e nost\u00e1lgicos de laranja e amarelo, envolventes e cativantes<\/li>\n<li>Estrutura de gr\u00e3o rica para um car\u00e1cter anal\u00f3gico aut\u00eantico<\/li>\n<li>Emuls\u00e3o ISO 400 altamente vers\u00e1til<\/li>\n<li>Processo de revela\u00e7\u00e3o standard C-41<\/li>\n<\/ul>\n<p>Formato do filme: 120<\/p>\n<p>Tipo de filme: Negativo a cores<\/p>\n<p>ISO: 400<\/p>\n<p>C\u00f3digo DX: N\u00e3o<\/p>\n<p>Processo de revela\u00e7\u00e3o: C-41<\/p>\n<p>Exposi\u00e7\u00f5es por rolo: 10\u201316 (dependendo do formato)<\/p>\n","protected":false},"excerpt":{"rendered":"<p>D\u00e1 \u00e0s tuas fotografias um encantador brilho de golden hour dos anos 90 e mergulha na nostalgia com esta nova e vers\u00e1til emuls\u00e3o de negativo a cores.<\/p>\n<ul>\n<li>Capta retratos luminosos com tons de pele radiantes<\/li>\n<li>Descobre tons suaves e nost\u00e1lgicos de laranja e amarelo, envolventes e cativantes<\/li>\n<li>Estrutura de gr\u00e3o rica para um car\u00e1cter anal\u00f3gico aut\u00eantico<\/li>\n<li>Emuls\u00e3o ISO 400 altamente vers\u00e1til<\/li>\n<li>Processo de revela\u00e7\u00e3o standard C-41<\/li>\n<\/ul>\n<p>Formato do filme: 120<\/p>\n<p>Tipo de filme: Negativo a cores<\/p>\n<p>ISO: 400<\/p>\n<p>C\u00f3digo DX: N\u00e3o<\/p>\n<p>Processo de revela\u00e7\u00e3o: C-41<\/p>\n<p>Exposi\u00e7\u00f5es por rolo: 10\u201316 (dependendo do formato)<\/p>\n","protected":false},"featured_media":4619,"template":"","meta":[],"product_brand":[],"product_cat":[15,85],"product_tag":[],"class_list":{"0":"post-4610","1":"product","2":"type-product","3":"status-publish","4":"has-post-thumbnail","6":"product_cat-geral","7":"product_cat-pelicula","9":"first","10":"instock","11":"taxable","12":"shipping-taxable","13":"purchasable","14":"product-type-simple"},"tiered_pricing_type":"fixed","tiered_pricing_fixed_rules":[],"tiered_pricing_product_settings":{"layout":"default","base_unit_name":{"singular":null,"plural":null},"default_variation":null},"tiered_pricing_minimum_quantity":null,"tiered_pricing_roles_data":[],"tiered_pricing_percentage_rules":[],"_links":{"self":[{"href":"https:\/\/photodealers.pt\/en\/wp-json\/wp\/v2\/product\/4610","targetHints":{"allow":["GET"]}}],"collection":[{"href":"https:\/\/photodealers.pt\/en\/wp-json\/wp\/v2\/product"}],"about":[{"href":"https:\/\/photodealers.pt\/en\/wp-json\/wp\/v2\/types\/product"}],"wp:featuredmedia":[{"embeddable":true,"href":"https:\/\/photodealers.pt\/en\/wp-json\/wp\/v2\/media\/4619"}],"wp:attachment":[{"href":"https:\/\/photodealers.pt\/en\/wp-json\/wp\/v2\/media?parent=4610"}],"wp:term":[{"taxonomy":"product_brand","embeddable":true,"href":"https:\/\/photodealers.pt\/en\/wp-json\/wp\/v2\/product_brand?post=4610"},{"taxonomy":"product_cat","embeddable":true,"href":"https:\/\/photodealers.pt\/en\/wp-json\/wp\/v2\/product_cat?post=4610"},{"taxonomy":"product_tag","embeddable":true,"href":"https:\/\/photodealers.pt\/en\/wp-json\/wp\/v2\/product_tag?post=4610"}],"curies":[{"name":"wp","href":"https:\/\/api.w.org\/{rel}","templated":true}]}}