{"id":4587,"date":"2025-12-13T16:14:19","date_gmt":"2025-12-13T16:14:19","guid":{"rendered":"https:\/\/photodealers.pt\/?post_type=product&#038;p=4587"},"modified":"2025-12-13T16:15:53","modified_gmt":"2025-12-13T16:15:53","slug":"lomography-400-120-lomochrome-2021-1-pack","status":"publish","type":"product","link":"https:\/\/photodealers.pt\/en\/produto\/lomography-400-120-lomochrome-2021-1-pack\/","title":{"rendered":"Lomography 400\/120 LomoChrome 2021 &#8211; 1-pack"},"content":{"rendered":"<p>F\u00f3rmulas qu\u00edmicas \u00fanicas distinguem os filmes negativos a cores LomoChrome. A nova f\u00f3rmula de 2021 do LomoChrome Purple \u00e9 um pouco p\u00e9tillant logo \u00e0 primeira impress\u00e3o. Continuas a obter os tons roxos psicad\u00e9licos e a loucura da mudan\u00e7a de cores, com uma surpresa cintilante em alguns fotogramas.<\/p>\n<ul>\n<li>Efeitos extraordin\u00e1rios sem necessidade de filtros (#nofilter)<\/li>\n<li>ISO alargado 100\u2013400 para ainda mais experimenta\u00e7\u00e3o<\/li>\n<li>Est\u00e9tica inconfund\u00edvel com gr\u00e3o fino<\/li>\n<li>Processo de revela\u00e7\u00e3o standard C-41<\/li>\n<li>Dependendo do teu sistema de digitaliza\u00e7\u00e3o, podem surgir pequenos pontos pretos nas zonas mais claras da fotografia<\/li>\n<\/ul>\n<p>Formato do filme: 120<\/p>\n<p>Tipo de filme: Negativo a cores<\/p>\n<p>ISO: 100\u2013400<\/p>\n<p>C\u00f3digo DX: N\u00e3o<\/p>\n<p>Processo de revela\u00e7\u00e3o: C-41<\/p>\n<p>Exposi\u00e7\u00f5es por rolo: 10\u201316 (dependendo do formato)<\/p>\n","protected":false},"excerpt":{"rendered":"<p>F\u00f3rmulas qu\u00edmicas \u00fanicas distinguem os filmes negativos a cores LomoChrome. A nova f\u00f3rmula de 2021 do LomoChrome Purple \u00e9 um pouco p\u00e9tillant logo \u00e0 primeira impress\u00e3o. Continuas a obter os tons roxos psicad\u00e9licos e a loucura da mudan\u00e7a de cores, com uma surpresa cintilante em alguns fotogramas.<\/p>\n<p>\u2022Efeitos extraordin\u00e1rios sem necessidade de filtros (#nofilter)<\/p>\n<p>\u2022ISO alargado 100\u2013400 para ainda mais experimenta\u00e7\u00e3o<\/p>\n<p>\u2022Est\u00e9tica inconfund\u00edvel com gr\u00e3o fino<\/p>\n<p>\u2022Processo de revela\u00e7\u00e3o standard C-41<\/p>\n<p>\u2022Dependendo do teu sistema de digitaliza\u00e7\u00e3o, podem surgir pequenos pontos pretos nas zonas mais claras da fotografia<\/p>\n<p>Formato do filme: 120<\/p>\n<p>Tipo de filme: Negativo a cores<\/p>\n<p>ISO: 100\u2013400<\/p>\n<p>C\u00f3digo DX: N\u00e3o<\/p>\n<p>Processo de revela\u00e7\u00e3o: C-41<\/p>\n<p>Exposi\u00e7\u00f5es por rolo: 10\u201316 (dependendo do formato)<\/p>\n","protected":false},"featured_media":4596,"template":"","meta":[],"product_brand":[],"product_cat":[15,85],"product_tag":[],"class_list":{"0":"post-4587","1":"product","2":"type-product","3":"status-publish","4":"has-post-thumbnail","6":"product_cat-geral","7":"product_cat-pelicula","9":"first","10":"instock","11":"taxable","12":"shipping-taxable","13":"purchasable","14":"product-type-simple"},"tiered_pricing_type":"fixed","tiered_pricing_fixed_rules":[],"tiered_pricing_product_settings":{"layout":"default","base_unit_name":{"singular":null,"plural":null},"default_variation":null},"tiered_pricing_minimum_quantity":null,"tiered_pricing_roles_data":[],"tiered_pricing_percentage_rules":[],"_links":{"self":[{"href":"https:\/\/photodealers.pt\/en\/wp-json\/wp\/v2\/product\/4587","targetHints":{"allow":["GET"]}}],"collection":[{"href":"https:\/\/photodealers.pt\/en\/wp-json\/wp\/v2\/product"}],"about":[{"href":"https:\/\/photodealers.pt\/en\/wp-json\/wp\/v2\/types\/product"}],"wp:featuredmedia":[{"embeddable":true,"href":"https:\/\/photodealers.pt\/en\/wp-json\/wp\/v2\/media\/4596"}],"wp:attachment":[{"href":"https:\/\/photodealers.pt\/en\/wp-json\/wp\/v2\/media?parent=4587"}],"wp:term":[{"taxonomy":"product_brand","embeddable":true,"href":"https:\/\/photodealers.pt\/en\/wp-json\/wp\/v2\/product_brand?post=4587"},{"taxonomy":"product_cat","embeddable":true,"href":"https:\/\/photodealers.pt\/en\/wp-json\/wp\/v2\/product_cat?post=4587"},{"taxonomy":"product_tag","embeddable":true,"href":"https:\/\/photodealers.pt\/en\/wp-json\/wp\/v2\/product_tag?post=4587"}],"curies":[{"name":"wp","href":"https:\/\/api.w.org\/{rel}","templated":true}]}}