{"id":4576,"date":"2025-12-13T16:07:58","date_gmt":"2025-12-13T16:07:58","guid":{"rendered":"https:\/\/photodealers.pt\/?post_type=product&#038;p=4576"},"modified":"2025-12-13T16:09:46","modified_gmt":"2025-12-13T16:09:46","slug":"lomochrome-metropolis-120-2021-film-1-pack","status":"publish","type":"product","link":"https:\/\/photodealers.pt\/en\/produto\/lomochrome-metropolis-120-2021-film-1-pack\/","title":{"rendered":"LomoChrome Metropolis 120 &#8211; 2021 Film 1-pack"},"content":{"rendered":"<p>F\u00f3rmulas qu\u00edmicas \u00fanicas distinguem os filmes negativos a cores LomoChrome. A nova e experimental f\u00f3rmula de 2021 do LomoChrome Metropolis apresenta contrastes marcantes e tons suavizados, com explos\u00f5es intensas de cor.<\/p>\n<ul>\n<li>Resultados impressionantes sem necessidade de filtros (#nofilter)<\/li>\n<li>Gama ISO alargada de 100\u2013400, \u00fanica na sua categoria<\/li>\n<li>Est\u00e9tica inconfund\u00edvel com gr\u00e3o caracter\u00edstico<\/li>\n<li>Processo de revela\u00e7\u00e3o standard C-41<\/li>\n<li>Ideal para criar retratos impactantes e paisagens urbanas envolventes<\/li>\n<\/ul>\n<p>Formato do filme: 120<\/p>\n<p>Tipo de filme: Negativo a cores<\/p>\n<p>ISO: 100\u2013400<\/p>\n<p>C\u00f3digo DX: N\u00e3o<\/p>\n<p>Processo de revela\u00e7\u00e3o: C-41<\/p>\n<p>Exposi\u00e7\u00f5es por rolo: 10\u201316 (dependendo do formato)<\/p>\n","protected":false},"excerpt":{"rendered":"<p>F\u00f3rmulas qu\u00edmicas \u00fanicas distinguem os filmes negativos a cores LomoChrome. A nova e experimental f\u00f3rmula de 2021 do LomoChrome Metropolis apresenta contrastes marcantes e tons suavizados, com explos\u00f5es intensas de cor.<\/p>\n<ul>\n<li>Resultados impressionantes sem necessidade de filtros (#nofilter)<\/li>\n<li>Gama ISO alargada de 100\u2013400, \u00fanica na sua categoria<\/li>\n<li>Est\u00e9tica inconfund\u00edvel com gr\u00e3o caracter\u00edstico<\/li>\n<li>Processo de revela\u00e7\u00e3o standard C-41<\/li>\n<li>Ideal para criar retratos impactantes e paisagens urbanas envolventes<\/li>\n<\/ul>\n<p>Formato do filme: 120<\/p>\n<p>Tipo de filme: Negativo a cores<\/p>\n<p>ISO: 100\u2013400<\/p>\n<p>C\u00f3digo DX: N\u00e3o<\/p>\n<p>Processo de revela\u00e7\u00e3o: C-41<\/p>\n<p>Exposi\u00e7\u00f5es por rolo: 10\u201316 (dependendo do formato)<\/p>\n","protected":false},"featured_media":4585,"template":"","meta":[],"product_brand":[],"product_cat":[15,85],"product_tag":[],"class_list":{"0":"post-4576","1":"product","2":"type-product","3":"status-publish","4":"has-post-thumbnail","6":"product_cat-geral","7":"product_cat-pelicula","9":"first","10":"instock","11":"taxable","12":"shipping-taxable","13":"purchasable","14":"product-type-simple"},"tiered_pricing_type":"fixed","tiered_pricing_fixed_rules":[],"tiered_pricing_product_settings":{"layout":"default","base_unit_name":{"singular":null,"plural":null},"default_variation":null},"tiered_pricing_minimum_quantity":null,"tiered_pricing_roles_data":[],"tiered_pricing_percentage_rules":[],"_links":{"self":[{"href":"https:\/\/photodealers.pt\/en\/wp-json\/wp\/v2\/product\/4576","targetHints":{"allow":["GET"]}}],"collection":[{"href":"https:\/\/photodealers.pt\/en\/wp-json\/wp\/v2\/product"}],"about":[{"href":"https:\/\/photodealers.pt\/en\/wp-json\/wp\/v2\/types\/product"}],"wp:featuredmedia":[{"embeddable":true,"href":"https:\/\/photodealers.pt\/en\/wp-json\/wp\/v2\/media\/4585"}],"wp:attachment":[{"href":"https:\/\/photodealers.pt\/en\/wp-json\/wp\/v2\/media?parent=4576"}],"wp:term":[{"taxonomy":"product_brand","embeddable":true,"href":"https:\/\/photodealers.pt\/en\/wp-json\/wp\/v2\/product_brand?post=4576"},{"taxonomy":"product_cat","embeddable":true,"href":"https:\/\/photodealers.pt\/en\/wp-json\/wp\/v2\/product_cat?post=4576"},{"taxonomy":"product_tag","embeddable":true,"href":"https:\/\/photodealers.pt\/en\/wp-json\/wp\/v2\/product_tag?post=4576"}],"curies":[{"name":"wp","href":"https:\/\/api.w.org\/{rel}","templated":true}]}}