{"id":4567,"date":"2025-12-13T15:59:56","date_gmt":"2025-12-13T15:59:56","guid":{"rendered":"https:\/\/photodealers.pt\/?post_type=product&#038;p=4567"},"modified":"2025-12-13T17:55:37","modified_gmt":"2025-12-13T17:55:37","slug":"lomography-800-36-colorneg-3-pack","status":"publish","type":"product","link":"https:\/\/photodealers.pt\/en\/produto\/lomography-800-36-colorneg-3-pack\/","title":{"rendered":"Lomography 800\/36 Colorneg 3-pack"},"content":{"rendered":"<ul>\n<li>Espera cores deslumbrantes e nitidez impressionante com os filmes Lomography Color Negative. Escolhe o ISO 800 para um gr\u00e3o moderado e excelente desempenho em condi\u00e7\u00f5es de pouca luz.<\/li>\n<li>Para todos os amantes da velocidade, este \u00e9 para ti<\/li>\n<li>Alta sensibilidade \u00e0 luz ISO 800<\/li>\n<li>Cores intensas e gr\u00e3o bonito e expressivo<\/li>\n<li>Resultados profissionais a um pre\u00e7o acess\u00edvel<\/li>\n<li>Ideal para dias cinzentos, fotografia noturna e at\u00e9 fotografia subaqu\u00e1tica<\/li>\n<\/ul>\n<p>Formato do filme: 35 mm<\/p>\n<p>Tipo de filme: Negativo a cores<\/p>\n<p>ISO: 800<\/p>\n<p>C\u00f3digo DX: Sim<\/p>\n<p>Processo de revela\u00e7\u00e3o: C-41<\/p>\n<p>Exposi\u00e7\u00f5es por rolo: 36<\/p>\n","protected":false},"excerpt":{"rendered":"<p>Espera cores deslumbrantes e nitidez impressionante com os filmes Lomography Color Negative. Escolhe o ISO 800 para um gr\u00e3o moderado e excelente desempenho em condi\u00e7\u00f5es de pouca luz.<\/p>\n<ul>\n<li>Para todos os amantes da velocidade, este \u00e9 para ti<\/li>\n<li>Alta sensibilidade \u00e0 luz ISO 800<\/li>\n<li>Cores intensas e gr\u00e3o bonito e expressivo<\/li>\n<li>Resultados profissionais a um pre\u00e7o acess\u00edvel<\/li>\n<li>Ideal para dias cinzentos, fotografia noturna e at\u00e9 fotografia subaqu\u00e1tica<\/li>\n<\/ul>\n<p>Formato do filme: 35 mm<\/p>\n<p>Tipo de filme: Negativo a cores<\/p>\n<p>ISO: 800<\/p>\n<p>C\u00f3digo DX: Sim<\/p>\n<p>Processo de revela\u00e7\u00e3o: C-41<\/p>\n<p>Exposi\u00e7\u00f5es por rolo: 36<\/p>\n","protected":false},"featured_media":4682,"template":"","meta":[],"product_brand":[],"product_cat":[15,85],"product_tag":[],"class_list":{"0":"post-4567","1":"product","2":"type-product","3":"status-publish","4":"has-post-thumbnail","6":"product_cat-geral","7":"product_cat-pelicula","9":"first","10":"instock","11":"taxable","12":"shipping-taxable","13":"purchasable","14":"product-type-simple"},"tiered_pricing_type":"fixed","tiered_pricing_fixed_rules":[],"tiered_pricing_product_settings":{"layout":"default","base_unit_name":{"singular":null,"plural":null},"default_variation":null},"tiered_pricing_minimum_quantity":null,"tiered_pricing_roles_data":[],"tiered_pricing_percentage_rules":[],"_links":{"self":[{"href":"https:\/\/photodealers.pt\/en\/wp-json\/wp\/v2\/product\/4567","targetHints":{"allow":["GET"]}}],"collection":[{"href":"https:\/\/photodealers.pt\/en\/wp-json\/wp\/v2\/product"}],"about":[{"href":"https:\/\/photodealers.pt\/en\/wp-json\/wp\/v2\/types\/product"}],"wp:featuredmedia":[{"embeddable":true,"href":"https:\/\/photodealers.pt\/en\/wp-json\/wp\/v2\/media\/4682"}],"wp:attachment":[{"href":"https:\/\/photodealers.pt\/en\/wp-json\/wp\/v2\/media?parent=4567"}],"wp:term":[{"taxonomy":"product_brand","embeddable":true,"href":"https:\/\/photodealers.pt\/en\/wp-json\/wp\/v2\/product_brand?post=4567"},{"taxonomy":"product_cat","embeddable":true,"href":"https:\/\/photodealers.pt\/en\/wp-json\/wp\/v2\/product_cat?post=4567"},{"taxonomy":"product_tag","embeddable":true,"href":"https:\/\/photodealers.pt\/en\/wp-json\/wp\/v2\/product_tag?post=4567"}],"curies":[{"name":"wp","href":"https:\/\/api.w.org\/{rel}","templated":true}]}}