{"id":4534,"date":"2025-12-13T15:33:46","date_gmt":"2025-12-13T15:33:46","guid":{"rendered":"https:\/\/photodealers.pt\/?post_type=product&#038;p=4534"},"modified":"2025-12-13T15:33:46","modified_gmt":"2025-12-13T15:33:46","slug":"lomography-400-36-lomochrome-2021-1-pack-petillant","status":"publish","type":"product","link":"https:\/\/photodealers.pt\/en\/produto\/lomography-400-36-lomochrome-2021-1-pack-petillant\/","title":{"rendered":"Lomography 400\/36 LomoChrome 2021-1 pack Petillant"},"content":{"rendered":"<p>Explora o espectro Lomography com tr\u00eas filmes de mudan\u00e7a de cor e um bel\u00edssimo filme a preto e branco.<\/p>\n<ul>\n<li>Vai do preto e branco cl\u00e1ssico a explos\u00f5es vibrantes de cor<\/li>\n<li>Recebe quatro dos nossos filmes 120 favoritos<\/li>\n<li>Experimenta tr\u00eas filmes LomoChrome com mudan\u00e7a de cor<\/li>\n<li>Desfruta do drama de um filme Kino cl\u00e1ssico<\/li>\n<\/ul>\n","protected":false},"excerpt":{"rendered":"<p>Explora o espectro Lomography com tr\u00eas filmes de mudan\u00e7a de cor e um bel\u00edssimo filme a preto e branco.<\/p>\n<p>\u2022Vai do preto e branco cl\u00e1ssico a explos\u00f5es vibrantes de cor<\/p>\n<p>\u2022Recebe quatro dos nossos filmes 120 favoritos<\/p>\n<p>\u2022Experimenta tr\u00eas filmes LomoChrome com mudan\u00e7a de cor<\/p>\n<p>\u2022Desfruta do drama de um filme Kino cl\u00e1ssico<\/p>\n<p>&nbsp;<\/p>\n","protected":false},"featured_media":4539,"template":"","meta":[],"product_brand":[],"product_cat":[15,85],"product_tag":[],"class_list":{"0":"post-4534","1":"product","2":"type-product","3":"status-publish","4":"has-post-thumbnail","6":"product_cat-geral","7":"product_cat-pelicula","9":"first","10":"instock","11":"taxable","12":"shipping-taxable","13":"purchasable","14":"product-type-simple"},"tiered_pricing_type":"fixed","tiered_pricing_fixed_rules":[],"tiered_pricing_product_settings":{"layout":"default","base_unit_name":{"singular":null,"plural":null},"default_variation":null},"tiered_pricing_minimum_quantity":null,"tiered_pricing_roles_data":[],"tiered_pricing_percentage_rules":[],"_links":{"self":[{"href":"https:\/\/photodealers.pt\/en\/wp-json\/wp\/v2\/product\/4534","targetHints":{"allow":["GET"]}}],"collection":[{"href":"https:\/\/photodealers.pt\/en\/wp-json\/wp\/v2\/product"}],"about":[{"href":"https:\/\/photodealers.pt\/en\/wp-json\/wp\/v2\/types\/product"}],"wp:featuredmedia":[{"embeddable":true,"href":"https:\/\/photodealers.pt\/en\/wp-json\/wp\/v2\/media\/4539"}],"wp:attachment":[{"href":"https:\/\/photodealers.pt\/en\/wp-json\/wp\/v2\/media?parent=4534"}],"wp:term":[{"taxonomy":"product_brand","embeddable":true,"href":"https:\/\/photodealers.pt\/en\/wp-json\/wp\/v2\/product_brand?post=4534"},{"taxonomy":"product_cat","embeddable":true,"href":"https:\/\/photodealers.pt\/en\/wp-json\/wp\/v2\/product_cat?post=4534"},{"taxonomy":"product_tag","embeddable":true,"href":"https:\/\/photodealers.pt\/en\/wp-json\/wp\/v2\/product_tag?post=4534"}],"curies":[{"name":"wp","href":"https:\/\/api.w.org\/{rel}","templated":true}]}}