{"id":4520,"date":"2025-12-13T15:20:39","date_gmt":"2025-12-13T15:20:39","guid":{"rendered":"https:\/\/photodealers.pt\/?post_type=product&#038;p=4520"},"modified":"2025-12-13T15:20:39","modified_gmt":"2025-12-13T15:20:39","slug":"lomography-film-case-for-135-120-films","status":"publish","type":"product","link":"https:\/\/photodealers.pt\/en\/produto\/lomography-film-case-for-135-120-films\/","title":{"rendered":"Lomography Film Case for 135\/120 Films"},"content":{"rendered":"<p>O Lomography Film Case \u00e9 o acess\u00f3rio essencial para quem leva a fotografia anal\u00f3gica a s\u00e9rio \u2014 no dia a dia ou em viagem.<\/p>\n<p>Compacto, resistente e leve, foi desenhado para proteger e organizar rolos de filme 35mm (135) e m\u00e9dio formato (120), mantendo-os seguros contra impactos, p\u00f3 e humidade. Ideal para fot\u00f3grafos que gostam de ter sempre alguns rolos extra na mochila, prontos para disparar.<\/p>\n<p>Com um design simples e funcional, este estojo reflete o esp\u00edrito Lomography: fotografar com liberdade, sem complica\u00e7\u00f5es.<\/p>\n<p>Caracter\u00edsticas<\/p>\n<ul>\n<li>Compat\u00edvel com filmes 135 (35mm) e 120<\/li>\n<li>Estrutura r\u00edgida e dur\u00e1vel<\/li>\n<li>Protege os filmes de choques e sujidade<\/li>\n<li>Formato compacto, perfeito para transportar<\/li>\n<li>Ideal para uso di\u00e1rio ou viagens<\/li>\n<\/ul>\n<p>Um pequeno detalhe que faz toda a diferen\u00e7a para quem fotografa em anal\u00f3gico \u2014 porque cada rolo conta.<\/p>\n","protected":false},"excerpt":{"rendered":"<p>O Lomography Film Case \u00e9 o acess\u00f3rio essencial para quem leva a fotografia anal\u00f3gica a s\u00e9rio \u2014 no dia a dia ou em viagem.<\/p>\n<p>Compacto, resistente e leve, foi desenhado para proteger e organizar rolos de filme 35mm (135) e m\u00e9dio formato (120), mantendo-os seguros contra impactos, p\u00f3 e humidade. Ideal para fot\u00f3grafos que gostam de ter sempre alguns rolos extra na mochila, prontos para disparar.<\/p>\n<p>Com um design simples e funcional, este estojo reflete o esp\u00edrito Lomography: fotografar com liberdade, sem complica\u00e7\u00f5es.<\/p>\n<p>Caracter\u00edsticas<\/p>\n<ul>\n<li>Compat\u00edvel com filmes 135 (35mm) e 120<\/li>\n<li>Estrutura r\u00edgida e dur\u00e1vel<\/li>\n<li>Protege os filmes de choques e sujidade<\/li>\n<li>Formato compacto, perfeito para transportar<\/li>\n<li>Ideal para uso di\u00e1rio ou viagens<\/li>\n<\/ul>\n<p>Um pequeno detalhe que faz toda a diferen\u00e7a para quem fotografa em anal\u00f3gico \u2014 porque cada rolo conta.<\/p>\n","protected":false},"featured_media":4521,"template":"","meta":[],"product_brand":[],"product_cat":[15,122],"product_tag":[],"class_list":{"0":"post-4520","1":"product","2":"type-product","3":"status-publish","4":"has-post-thumbnail","6":"product_cat-geral","7":"product_cat-acessorios-para-pelicula","9":"first","10":"instock","11":"taxable","12":"shipping-taxable","13":"purchasable","14":"product-type-simple"},"tiered_pricing_type":"fixed","tiered_pricing_fixed_rules":[],"tiered_pricing_product_settings":{"layout":"default","base_unit_name":{"singular":null,"plural":null},"default_variation":null},"tiered_pricing_minimum_quantity":null,"tiered_pricing_roles_data":[],"tiered_pricing_percentage_rules":[],"_links":{"self":[{"href":"https:\/\/photodealers.pt\/en\/wp-json\/wp\/v2\/product\/4520","targetHints":{"allow":["GET"]}}],"collection":[{"href":"https:\/\/photodealers.pt\/en\/wp-json\/wp\/v2\/product"}],"about":[{"href":"https:\/\/photodealers.pt\/en\/wp-json\/wp\/v2\/types\/product"}],"wp:featuredmedia":[{"embeddable":true,"href":"https:\/\/photodealers.pt\/en\/wp-json\/wp\/v2\/media\/4521"}],"wp:attachment":[{"href":"https:\/\/photodealers.pt\/en\/wp-json\/wp\/v2\/media?parent=4520"}],"wp:term":[{"taxonomy":"product_brand","embeddable":true,"href":"https:\/\/photodealers.pt\/en\/wp-json\/wp\/v2\/product_brand?post=4520"},{"taxonomy":"product_cat","embeddable":true,"href":"https:\/\/photodealers.pt\/en\/wp-json\/wp\/v2\/product_cat?post=4520"},{"taxonomy":"product_tag","embeddable":true,"href":"https:\/\/photodealers.pt\/en\/wp-json\/wp\/v2\/product_tag?post=4520"}],"curies":[{"name":"wp","href":"https:\/\/api.w.org\/{rel}","templated":true}]}}