{"id":4420,"date":"2025-07-30T14:57:49","date_gmt":"2025-07-30T14:57:49","guid":{"rendered":"https:\/\/photodealers.pt\/?post_type=product&#038;p=4420"},"modified":"2025-12-02T15:13:54","modified_gmt":"2025-12-02T15:13:54","slug":"harman-phoenix-ii-135-36","status":"publish","type":"product","link":"https:\/\/photodealers.pt\/en\/produto\/harman-phoenix-ii-135-36\/","title":{"rendered":"Harman Phoenix II 135\/36"},"content":{"rendered":"<p>A HARMAN Phoenix 200 est\u00e1 de volta com uma nova formula! Continua cheia de personalidade, mas agora com contraste, gr\u00e3o, reten\u00e7\u00e3o de luzes e sombras, e nitidez melhorados.<\/p>\n<p>\u2022 DX codificado para ISO 200 \u2013 melhores resultados entre 100-200<\/p>\n<p>\u2022 Processamento C41 (mas porque n\u00e3o experimentar tamb\u00e9m em E6 ou ECN-2?)<\/p>\n","protected":false},"excerpt":{"rendered":"<p>A HARMAN Phoenix 200 est\u00e1 de volta com uma nova <strong>formula!<\/strong> Continua cheia de personalidade, mas agora com contraste, gr\u00e3o, reten\u00e7\u00e3o de luzes e sombras, e nitidez melhorados.<\/p>\n<p>\u2022 DX codificado para ISO 200 \u2013 melhores resultados entre 100-200<\/p>\n<p>\u2022 Processamento C41 (mas porque n\u00e3o experimentar tamb\u00e9m em E6 ou ECN-2?)<\/p>\n","protected":false},"featured_media":4421,"template":"","meta":[],"product_brand":[],"product_cat":[103,85],"product_tag":[],"class_list":{"0":"post-4420","1":"product","2":"type-product","3":"status-publish","4":"has-post-thumbnail","6":"product_cat-negativo-cor","7":"product_cat-pelicula","9":"first","10":"instock","11":"taxable","12":"shipping-taxable","13":"purchasable","14":"product-type-simple"},"tiered_pricing_type":"fixed","tiered_pricing_fixed_rules":[],"tiered_pricing_product_settings":{"layout":"default","base_unit_name":{"singular":null,"plural":null},"default_variation":null},"tiered_pricing_minimum_quantity":null,"tiered_pricing_roles_data":[],"tiered_pricing_percentage_rules":[],"_links":{"self":[{"href":"https:\/\/photodealers.pt\/en\/wp-json\/wp\/v2\/product\/4420","targetHints":{"allow":["GET"]}}],"collection":[{"href":"https:\/\/photodealers.pt\/en\/wp-json\/wp\/v2\/product"}],"about":[{"href":"https:\/\/photodealers.pt\/en\/wp-json\/wp\/v2\/types\/product"}],"wp:featuredmedia":[{"embeddable":true,"href":"https:\/\/photodealers.pt\/en\/wp-json\/wp\/v2\/media\/4421"}],"wp:attachment":[{"href":"https:\/\/photodealers.pt\/en\/wp-json\/wp\/v2\/media?parent=4420"}],"wp:term":[{"taxonomy":"product_brand","embeddable":true,"href":"https:\/\/photodealers.pt\/en\/wp-json\/wp\/v2\/product_brand?post=4420"},{"taxonomy":"product_cat","embeddable":true,"href":"https:\/\/photodealers.pt\/en\/wp-json\/wp\/v2\/product_cat?post=4420"},{"taxonomy":"product_tag","embeddable":true,"href":"https:\/\/photodealers.pt\/en\/wp-json\/wp\/v2\/product_tag?post=4420"}],"curies":[{"name":"wp","href":"https:\/\/api.w.org\/{rel}","templated":true}]}}