{"id":4316,"date":"2025-05-07T13:18:03","date_gmt":"2025-05-07T13:18:03","guid":{"rendered":"https:\/\/photodealers.pt\/?post_type=product&#038;p=4316"},"modified":"2025-10-22T11:17:03","modified_gmt":"2025-10-22T11:17:03","slug":"ilford-revelador-id11-1l","status":"publish","type":"product","link":"https:\/\/photodealers.pt\/en\/produto\/ilford-revelador-id11-1l\/","title":{"rendered":"ILFORD Revelador ID11 1L"},"content":{"rendered":"<p>Um popular revelador de pel\u00edcula em p\u00f3 a preto e branco para negativos de gr\u00e3o fino sem perda de velocidade.<br \/>\nO ILFORD ID-11 \u00e9 amplamente considerado como o revelador em p\u00f3 padr\u00e3o da ind\u00fastria. Destinado \u00e0 fotografia geral, cient\u00edfica e t\u00e9cnica, este popular revelador de pel\u00edculas produz excelentes resultados com todas as pel\u00edculas a preto e branco.<br \/>\nO ID-11 proporciona a combina\u00e7\u00e3o perfeita de gr\u00e3o fino, nitidez e reprodu\u00e7\u00e3o tonal, produzindo negativos que permitem um elevado grau de amplia\u00e7\u00e3o. \u00c9 particularmente excelente em filmes de velocidade lenta a m\u00e9dia, bem como em ocasi\u00f5es em que foi utilizada uma vasta gama de filmes e velocidades de filme.<\/p>\n","protected":false},"excerpt":{"rendered":"<p>Um popular revelador de pel\u00edcula em p\u00f3 a preto e branco para negativos de gr\u00e3o fino sem perda de velocidade.<br \/>\nO ILFORD ID-11 \u00e9 amplamente considerado como o revelador em p\u00f3 padr\u00e3o da ind\u00fastria. Destinado \u00e0 fotografia geral, cient\u00edfica e t\u00e9cnica, este popular revelador de pel\u00edculas produz excelentes resultados com todas as pel\u00edculas a preto e branco.<br \/>\nO ID-11 proporciona a combina\u00e7\u00e3o perfeita de gr\u00e3o fino, nitidez e reprodu\u00e7\u00e3o tonal, produzindo negativos que permitem um elevado grau de amplia\u00e7\u00e3o. \u00c9 particularmente excelente em filmes de velocidade lenta a m\u00e9dia, bem como em ocasi\u00f5es em que foi utilizada uma vasta gama de filmes e velocidades de filme.<\/p>\n","protected":false},"featured_media":4317,"template":"","meta":[],"product_brand":[],"product_cat":[87],"product_tag":[],"class_list":{"0":"post-4316","1":"product","2":"type-product","3":"status-publish","4":"has-post-thumbnail","6":"product_cat-quimica","8":"first","9":"instock","10":"taxable","11":"shipping-taxable","12":"purchasable","13":"product-type-simple"},"tiered_pricing_type":"fixed","tiered_pricing_fixed_rules":[],"tiered_pricing_product_settings":{"layout":"default","base_unit_name":{"singular":null,"plural":null},"default_variation":null},"tiered_pricing_minimum_quantity":null,"tiered_pricing_roles_data":[],"tiered_pricing_percentage_rules":[],"_links":{"self":[{"href":"https:\/\/photodealers.pt\/en\/wp-json\/wp\/v2\/product\/4316","targetHints":{"allow":["GET"]}}],"collection":[{"href":"https:\/\/photodealers.pt\/en\/wp-json\/wp\/v2\/product"}],"about":[{"href":"https:\/\/photodealers.pt\/en\/wp-json\/wp\/v2\/types\/product"}],"wp:featuredmedia":[{"embeddable":true,"href":"https:\/\/photodealers.pt\/en\/wp-json\/wp\/v2\/media\/4317"}],"wp:attachment":[{"href":"https:\/\/photodealers.pt\/en\/wp-json\/wp\/v2\/media?parent=4316"}],"wp:term":[{"taxonomy":"product_brand","embeddable":true,"href":"https:\/\/photodealers.pt\/en\/wp-json\/wp\/v2\/product_brand?post=4316"},{"taxonomy":"product_cat","embeddable":true,"href":"https:\/\/photodealers.pt\/en\/wp-json\/wp\/v2\/product_cat?post=4316"},{"taxonomy":"product_tag","embeddable":true,"href":"https:\/\/photodealers.pt\/en\/wp-json\/wp\/v2\/product_tag?post=4316"}],"curies":[{"name":"wp","href":"https:\/\/api.w.org\/{rel}","templated":true}]}}