{"id":4313,"date":"2025-05-07T13:14:05","date_gmt":"2025-05-07T13:14:05","guid":{"rendered":"https:\/\/photodealers.pt\/?post_type=product&#038;p=4313"},"modified":"2025-05-07T13:15:22","modified_gmt":"2025-05-07T13:15:22","slug":"kodak-d-76-1l","status":"publish","type":"product","link":"https:\/\/photodealers.pt\/en\/produto\/kodak-d-76-1l\/","title":{"rendered":"KODAK D-76 1L"},"content":{"rendered":"<p>Revelador em p\u00f3 para papel preto e branco RC e FB. O D-76 \u00e9 de f\u00e1cil dissolu\u00e7\u00e3o, superior aos outros reveladores de uso comum, devido sua capacidade de aproveitar totalmente a velocidade da emuls\u00e3o e proporcionar o m\u00e1ximo rendimento nas sombras com contraste normal.<\/p>\n","protected":false},"excerpt":{"rendered":"<p>Revelador em p\u00f3 para papel preto e branco RC e FB. O D-76 \u00e9 de f\u00e1cil dissolu\u00e7\u00e3o, superior aos outros reveladores de uso comum, devido sua capacidade de aproveitar totalmente a velocidade da emuls\u00e3o e proporcionar o m\u00e1ximo rendimento nas sombras com contraste normal.<\/p>\n","protected":false},"featured_media":4314,"template":"","meta":[],"product_brand":[],"product_cat":[87],"product_tag":[],"class_list":{"0":"post-4313","1":"product","2":"type-product","3":"status-publish","4":"has-post-thumbnail","6":"product_cat-quimica","8":"first","9":"instock","10":"taxable","11":"shipping-taxable","12":"purchasable","13":"product-type-simple"},"tiered_pricing_type":"fixed","tiered_pricing_fixed_rules":[],"tiered_pricing_product_settings":{"layout":"default","base_unit_name":{"singular":null,"plural":null},"default_variation":null},"tiered_pricing_minimum_quantity":null,"tiered_pricing_roles_data":[],"tiered_pricing_percentage_rules":[],"_links":{"self":[{"href":"https:\/\/photodealers.pt\/en\/wp-json\/wp\/v2\/product\/4313","targetHints":{"allow":["GET"]}}],"collection":[{"href":"https:\/\/photodealers.pt\/en\/wp-json\/wp\/v2\/product"}],"about":[{"href":"https:\/\/photodealers.pt\/en\/wp-json\/wp\/v2\/types\/product"}],"wp:featuredmedia":[{"embeddable":true,"href":"https:\/\/photodealers.pt\/en\/wp-json\/wp\/v2\/media\/4314"}],"wp:attachment":[{"href":"https:\/\/photodealers.pt\/en\/wp-json\/wp\/v2\/media?parent=4313"}],"wp:term":[{"taxonomy":"product_brand","embeddable":true,"href":"https:\/\/photodealers.pt\/en\/wp-json\/wp\/v2\/product_brand?post=4313"},{"taxonomy":"product_cat","embeddable":true,"href":"https:\/\/photodealers.pt\/en\/wp-json\/wp\/v2\/product_cat?post=4313"},{"taxonomy":"product_tag","embeddable":true,"href":"https:\/\/photodealers.pt\/en\/wp-json\/wp\/v2\/product_tag?post=4313"}],"curies":[{"name":"wp","href":"https:\/\/api.w.org\/{rel}","templated":true}]}}