{"id":4305,"date":"2025-05-07T13:01:14","date_gmt":"2025-05-07T13:01:14","guid":{"rendered":"https:\/\/photodealers.pt\/?post_type=product&#038;p=4305"},"modified":"2025-11-09T16:37:08","modified_gmt":"2025-11-09T16:37:08","slug":"ilford-ortho-plus-iso-80-120","status":"publish","type":"product","link":"https:\/\/photodealers.pt\/en\/produto\/ilford-ortho-plus-iso-80-120\/","title":{"rendered":"Ilford Ortho Plus 80 Filme de m\u00e9dio formato 120"},"content":{"rendered":"<p>Filme a preto e branco ortocrom\u00e1tico ISO 80 de m\u00e9dio formato, com gr\u00e3o fino e nitidez &#8211; perfeito para paisagens deslumbrantes. ILFORD ORTHO PLUS \u00e9 um filme ortocrom\u00e1tico a preto e branco. Concebido como um filme de c\u00f3pia de alta resolu\u00e7\u00e3o para negativos, o ORTHO PLUS oferece um excelente potencial fotogr\u00e1fico gra\u00e7as ao seu gr\u00e3o fino e nitidez.<\/p>\n","protected":false},"excerpt":{"rendered":"<p>Filme a preto e branco ortocrom\u00e1tico ISO 80 de m\u00e9dio formato, com gr\u00e3o fino e nitidez &#8211; perfeito para paisagens deslumbrantes. ILFORD ORTHO PLUS \u00e9 um filme ortocrom\u00e1tico a preto e branco. Concebido como um filme de c\u00f3pia de alta resolu\u00e7\u00e3o para negativos, o ORTHO PLUS oferece um excelente potencial fotogr\u00e1fico gra\u00e7as ao seu gr\u00e3o fino e nitidez.<\/p>\n","protected":false},"featured_media":4306,"template":"","meta":[],"product_brand":[],"product_cat":[85,104],"product_tag":[],"class_list":{"0":"post-4305","1":"product","2":"type-product","3":"status-publish","4":"has-post-thumbnail","6":"product_cat-pelicula","7":"product_cat-negativo-preto-e-branco","9":"first","10":"instock","11":"taxable","12":"shipping-taxable","13":"purchasable","14":"product-type-simple"},"tiered_pricing_type":"fixed","tiered_pricing_fixed_rules":[],"tiered_pricing_product_settings":{"layout":"default","base_unit_name":{"singular":null,"plural":null},"default_variation":null},"tiered_pricing_minimum_quantity":null,"tiered_pricing_roles_data":[],"tiered_pricing_percentage_rules":[],"_links":{"self":[{"href":"https:\/\/photodealers.pt\/en\/wp-json\/wp\/v2\/product\/4305","targetHints":{"allow":["GET"]}}],"collection":[{"href":"https:\/\/photodealers.pt\/en\/wp-json\/wp\/v2\/product"}],"about":[{"href":"https:\/\/photodealers.pt\/en\/wp-json\/wp\/v2\/types\/product"}],"wp:featuredmedia":[{"embeddable":true,"href":"https:\/\/photodealers.pt\/en\/wp-json\/wp\/v2\/media\/4306"}],"wp:attachment":[{"href":"https:\/\/photodealers.pt\/en\/wp-json\/wp\/v2\/media?parent=4305"}],"wp:term":[{"taxonomy":"product_brand","embeddable":true,"href":"https:\/\/photodealers.pt\/en\/wp-json\/wp\/v2\/product_brand?post=4305"},{"taxonomy":"product_cat","embeddable":true,"href":"https:\/\/photodealers.pt\/en\/wp-json\/wp\/v2\/product_cat?post=4305"},{"taxonomy":"product_tag","embeddable":true,"href":"https:\/\/photodealers.pt\/en\/wp-json\/wp\/v2\/product_tag?post=4305"}],"curies":[{"name":"wp","href":"https:\/\/api.w.org\/{rel}","templated":true}]}}