{"id":4300,"date":"2025-05-07T12:02:11","date_gmt":"2025-05-07T12:02:11","guid":{"rendered":"https:\/\/photodealers.pt\/?post_type=product&#038;p=4300"},"modified":"2025-11-09T16:37:48","modified_gmt":"2025-11-09T16:37:48","slug":"kodak-t-max-100-102x127-cm-4x5-inch-50-sheets","status":"publish","type":"product","link":"https:\/\/photodealers.pt\/en\/produto\/kodak-t-max-100-102x127-cm-4x5-inch-50-sheets\/","title":{"rendered":"Kodak T-Max TMY 0,2&#215;12,7 CM (4&#215;5 INCH) \/ 10 Folhas"},"content":{"rendered":"<p>Sensibilidade \u00e0 luz ISO 100\/21\u00b0.<br \/>\nFilme PB pancrom\u00e1tico com tecnologia patenteada Tmax T-grain. Gr\u00e3o extremamente fino e alta resolu\u00e7\u00e3o, muito boa nitidez. Este filme \u00e9 especialmente bom para impress\u00f5es grandes.<br \/>\nNa maioria dos reveladores, o T-Max 100 apresenta uma curva carater\u00edstica linear.<\/p>\n","protected":false},"excerpt":{"rendered":"<p>Sensibilidade \u00e0 luz ISO 100\/21\u00b0.<br \/>\nFilme PB pancrom\u00e1tico com tecnologia patenteada Tmax T-grain. Gr\u00e3o extremamente fino e alta resolu\u00e7\u00e3o, muito boa nitidez. Este filme \u00e9 especialmente bom para impress\u00f5es grandes.<br \/>\nNa maioria dos reveladores, o T-Max 100 apresenta uma curva carater\u00edstica linear.<\/p>\n","protected":false},"featured_media":4301,"template":"","meta":[],"product_brand":[],"product_cat":[15,85,104],"product_tag":[],"class_list":{"0":"post-4300","1":"product","2":"type-product","3":"status-publish","4":"has-post-thumbnail","6":"product_cat-geral","7":"product_cat-pelicula","8":"product_cat-negativo-preto-e-branco","10":"first","11":"instock","12":"taxable","13":"shipping-taxable","14":"purchasable","15":"product-type-simple"},"tiered_pricing_type":"fixed","tiered_pricing_fixed_rules":[],"tiered_pricing_product_settings":{"layout":"default","base_unit_name":{"singular":null,"plural":null},"default_variation":null},"tiered_pricing_minimum_quantity":null,"tiered_pricing_roles_data":[],"tiered_pricing_percentage_rules":[],"_links":{"self":[{"href":"https:\/\/photodealers.pt\/en\/wp-json\/wp\/v2\/product\/4300","targetHints":{"allow":["GET"]}}],"collection":[{"href":"https:\/\/photodealers.pt\/en\/wp-json\/wp\/v2\/product"}],"about":[{"href":"https:\/\/photodealers.pt\/en\/wp-json\/wp\/v2\/types\/product"}],"wp:featuredmedia":[{"embeddable":true,"href":"https:\/\/photodealers.pt\/en\/wp-json\/wp\/v2\/media\/4301"}],"wp:attachment":[{"href":"https:\/\/photodealers.pt\/en\/wp-json\/wp\/v2\/media?parent=4300"}],"wp:term":[{"taxonomy":"product_brand","embeddable":true,"href":"https:\/\/photodealers.pt\/en\/wp-json\/wp\/v2\/product_brand?post=4300"},{"taxonomy":"product_cat","embeddable":true,"href":"https:\/\/photodealers.pt\/en\/wp-json\/wp\/v2\/product_cat?post=4300"},{"taxonomy":"product_tag","embeddable":true,"href":"https:\/\/photodealers.pt\/en\/wp-json\/wp\/v2\/product_tag?post=4300"}],"curies":[{"name":"wp","href":"https:\/\/api.w.org\/{rel}","templated":true}]}}