{"id":4296,"date":"2025-05-07T11:54:15","date_gmt":"2025-05-07T11:54:15","guid":{"rendered":"https:\/\/photodealers.pt\/?post_type=product&#038;p=4296"},"modified":"2025-11-09T16:10:50","modified_gmt":"2025-11-09T16:10:50","slug":"ilford-delta-100-4x5-25-folhas","status":"publish","type":"product","link":"https:\/\/photodealers.pt\/en\/produto\/ilford-delta-100-4x5-25-folhas\/","title":{"rendered":"Ilford Delta 100 10,2&#215;12,7CM (4&#215;5 INCH) \/ 25 Folhas"},"content":{"rendered":"<p>Para defini\u00e7\u00e3o e liberdade do gr\u00e3o, o ILFORD DELTA 100 PROFESSIONAL \u00e9 simplesmente o melhor na sua classe, oferecendo excepcionalmente ao fotografo um gr\u00e3o fino e um n\u00edvel de defini\u00e7\u00e3o raramente visto, os resultados s\u00e3o clareza de detalhe e uma reprodu\u00e7\u00e3o precisa.<\/p>\n","protected":false},"excerpt":{"rendered":"<p>Para defini\u00e7\u00e3o e liberdade do gr\u00e3o, o ILFORD DELTA 100 PROFESSIONAL \u00e9 simplesmente o melhor na sua classe, oferecendo excepcionalmente ao fotografo um gr\u00e3o fino e um n\u00edvel de defini\u00e7\u00e3o raramente visto, os resultados s\u00e3o clareza de detalhe e uma reprodu\u00e7\u00e3o precisa.<\/p>\n","protected":false},"featured_media":4297,"template":"","meta":[],"product_brand":[],"product_cat":[104,85],"product_tag":[],"class_list":{"0":"post-4296","1":"product","2":"type-product","3":"status-publish","4":"has-post-thumbnail","6":"product_cat-negativo-preto-e-branco","7":"product_cat-pelicula","9":"first","10":"instock","11":"taxable","12":"shipping-taxable","13":"purchasable","14":"product-type-simple"},"tiered_pricing_type":"fixed","tiered_pricing_fixed_rules":[],"tiered_pricing_product_settings":{"layout":"default","base_unit_name":{"singular":null,"plural":null},"default_variation":null},"tiered_pricing_minimum_quantity":null,"tiered_pricing_roles_data":[],"tiered_pricing_percentage_rules":[],"_links":{"self":[{"href":"https:\/\/photodealers.pt\/en\/wp-json\/wp\/v2\/product\/4296","targetHints":{"allow":["GET"]}}],"collection":[{"href":"https:\/\/photodealers.pt\/en\/wp-json\/wp\/v2\/product"}],"about":[{"href":"https:\/\/photodealers.pt\/en\/wp-json\/wp\/v2\/types\/product"}],"wp:featuredmedia":[{"embeddable":true,"href":"https:\/\/photodealers.pt\/en\/wp-json\/wp\/v2\/media\/4297"}],"wp:attachment":[{"href":"https:\/\/photodealers.pt\/en\/wp-json\/wp\/v2\/media?parent=4296"}],"wp:term":[{"taxonomy":"product_brand","embeddable":true,"href":"https:\/\/photodealers.pt\/en\/wp-json\/wp\/v2\/product_brand?post=4296"},{"taxonomy":"product_cat","embeddable":true,"href":"https:\/\/photodealers.pt\/en\/wp-json\/wp\/v2\/product_cat?post=4296"},{"taxonomy":"product_tag","embeddable":true,"href":"https:\/\/photodealers.pt\/en\/wp-json\/wp\/v2\/product_tag?post=4296"}],"curies":[{"name":"wp","href":"https:\/\/api.w.org\/{rel}","templated":true}]}}