{"id":4278,"date":"2025-05-06T22:57:37","date_gmt":"2025-05-06T22:57:37","guid":{"rendered":"https:\/\/photodealers.pt\/?post_type=product&#038;p=4278"},"modified":"2026-02-09T09:57:48","modified_gmt":"2026-02-09T09:57:48","slug":"cinestill-film-400dynamic-versatile-color-negative-film-120","status":"publish","type":"product","link":"https:\/\/photodealers.pt\/en\/produto\/cinestill-film-400dynamic-versatile-color-negative-film-120\/","title":{"rendered":"Cinestill Film 400D Filme de m\u00e9dio formato 120"},"content":{"rendered":"<p>O CineStill 400Dynamic \u00e9 um filme negativo colorido de gr\u00e3o fino e luz do dia equilibrado que oferece uma paleta de cores suave com satura\u00e7\u00e3o natural e tons de pele ricos e quentes. O filme tem uma ampla gama din\u00e2mica com uma sensibilidade de base de ISO 400, mas pode ser classificado de 200 a 800 e pode ser aumentado at\u00e9 3200. Isto torna a pel\u00edcula altamente vers\u00e1til, utiliz\u00e1vel tanto em interiores como em est\u00fadio, em praticamente todas as condi\u00e7\u00f5es de ilumina\u00e7\u00e3o.<\/p>\n","protected":false},"excerpt":{"rendered":"<p>O CineStill 400Dynamic \u00e9 um filme negativo colorido de gr\u00e3o fino e luz do dia equilibrado que oferece uma paleta de cores suave com satura\u00e7\u00e3o natural e tons de pele ricos e quentes. O filme tem uma ampla gama din\u00e2mica com uma sensibilidade de base de ISO 400, mas pode ser classificado de 200 a 800 e pode ser aumentado at\u00e9 3200. Isto torna a pel\u00edcula altamente vers\u00e1til, utiliz\u00e1vel tanto em interiores como em est\u00fadio, em praticamente todas as condi\u00e7\u00f5es de ilumina\u00e7\u00e3o.<\/p>\n","protected":false},"featured_media":4285,"template":"","meta":[],"product_brand":[],"product_cat":[85,105],"product_tag":[],"class_list":{"0":"post-4278","1":"product","2":"type-product","3":"status-publish","4":"has-post-thumbnail","6":"product_cat-pelicula","7":"product_cat-pelicula-de-cinema-cor","9":"first","10":"instock","11":"taxable","12":"shipping-taxable","13":"purchasable","14":"product-type-simple"},"tiered_pricing_type":"fixed","tiered_pricing_fixed_rules":[],"tiered_pricing_product_settings":{"layout":"default","base_unit_name":{"singular":null,"plural":null},"default_variation":null},"tiered_pricing_minimum_quantity":null,"tiered_pricing_roles_data":[],"tiered_pricing_percentage_rules":[],"_links":{"self":[{"href":"https:\/\/photodealers.pt\/en\/wp-json\/wp\/v2\/product\/4278","targetHints":{"allow":["GET"]}}],"collection":[{"href":"https:\/\/photodealers.pt\/en\/wp-json\/wp\/v2\/product"}],"about":[{"href":"https:\/\/photodealers.pt\/en\/wp-json\/wp\/v2\/types\/product"}],"wp:featuredmedia":[{"embeddable":true,"href":"https:\/\/photodealers.pt\/en\/wp-json\/wp\/v2\/media\/4285"}],"wp:attachment":[{"href":"https:\/\/photodealers.pt\/en\/wp-json\/wp\/v2\/media?parent=4278"}],"wp:term":[{"taxonomy":"product_brand","embeddable":true,"href":"https:\/\/photodealers.pt\/en\/wp-json\/wp\/v2\/product_brand?post=4278"},{"taxonomy":"product_cat","embeddable":true,"href":"https:\/\/photodealers.pt\/en\/wp-json\/wp\/v2\/product_cat?post=4278"},{"taxonomy":"product_tag","embeddable":true,"href":"https:\/\/photodealers.pt\/en\/wp-json\/wp\/v2\/product_tag?post=4278"}],"curies":[{"name":"wp","href":"https:\/\/api.w.org\/{rel}","templated":true}]}}