{"id":4238,"date":"2025-05-06T22:21:57","date_gmt":"2025-05-06T22:21:57","guid":{"rendered":"https:\/\/photodealers.pt\/?post_type=product&#038;p=4238"},"modified":"2025-11-09T16:09:22","modified_gmt":"2025-11-09T16:09:22","slug":"reflx-lab-500t-color-negative-film-ecn-2-120","status":"publish","type":"product","link":"https:\/\/photodealers.pt\/en\/produto\/reflx-lab-500t-color-negative-film-ecn-2-120\/","title":{"rendered":"Reflx Lab 500T Filme de m\u00e9dio formato 120"},"content":{"rendered":"<p>120 formato m\u00e9dio<\/p>\n<p>Reutilizada a partir de pel\u00edcula cinematogr\u00e1fica 5219 de 65 mm fresca<\/p>\n<p>Rem-Jet N\u00c3O removido<\/p>\n<p>Pel\u00edcula de alta velocidade, com equil\u00edbrio de tungst\u00e9nio, ideal para situa\u00e7\u00f5es de pouca luz<\/p>\n<p>ISO: 500<\/p>\n<p>Processo: ECN-2<\/p>\n","protected":false},"excerpt":{"rendered":"<ul>\n<li>120 formato m\u00e9dio<\/li>\n<\/ul>\n<p>Reutilizada a partir de pel\u00edcula cinematogr\u00e1fica 5219 de 65 mm fresca<\/p>\n<p>Rem-Jet N\u00c3O removido<\/p>\n<p>Pel\u00edcula de alta velocidade, com equil\u00edbrio de tungst\u00e9nio, ideal para situa\u00e7\u00f5es de pouca luz<\/p>\n<p>ISO: 500<\/p>\n<p>Processo: ECN-2<\/p>\n","protected":false},"featured_media":4243,"template":"","meta":[],"product_brand":[],"product_cat":[85,105],"product_tag":[],"class_list":{"0":"post-4238","1":"product","2":"type-product","3":"status-publish","4":"has-post-thumbnail","6":"product_cat-pelicula","7":"product_cat-pelicula-de-cinema-cor","9":"first","10":"instock","11":"taxable","12":"shipping-taxable","13":"purchasable","14":"product-type-simple"},"tiered_pricing_type":"fixed","tiered_pricing_fixed_rules":[],"tiered_pricing_product_settings":{"layout":"default","base_unit_name":{"singular":null,"plural":null},"default_variation":null},"tiered_pricing_minimum_quantity":null,"tiered_pricing_roles_data":[],"tiered_pricing_percentage_rules":[],"_links":{"self":[{"href":"https:\/\/photodealers.pt\/en\/wp-json\/wp\/v2\/product\/4238","targetHints":{"allow":["GET"]}}],"collection":[{"href":"https:\/\/photodealers.pt\/en\/wp-json\/wp\/v2\/product"}],"about":[{"href":"https:\/\/photodealers.pt\/en\/wp-json\/wp\/v2\/types\/product"}],"wp:featuredmedia":[{"embeddable":true,"href":"https:\/\/photodealers.pt\/en\/wp-json\/wp\/v2\/media\/4243"}],"wp:attachment":[{"href":"https:\/\/photodealers.pt\/en\/wp-json\/wp\/v2\/media?parent=4238"}],"wp:term":[{"taxonomy":"product_brand","embeddable":true,"href":"https:\/\/photodealers.pt\/en\/wp-json\/wp\/v2\/product_brand?post=4238"},{"taxonomy":"product_cat","embeddable":true,"href":"https:\/\/photodealers.pt\/en\/wp-json\/wp\/v2\/product_cat?post=4238"},{"taxonomy":"product_tag","embeddable":true,"href":"https:\/\/photodealers.pt\/en\/wp-json\/wp\/v2\/product_tag?post=4238"}],"curies":[{"name":"wp","href":"https:\/\/api.w.org\/{rel}","templated":true}]}}