{"id":4042,"date":"2024-11-21T19:34:02","date_gmt":"2024-11-21T19:34:02","guid":{"rendered":"https:\/\/photodealers.pt\/?post_type=product&#038;p=4042"},"modified":"2025-11-07T08:45:46","modified_gmt":"2025-11-07T08:45:46","slug":"dubblefilm-daily-bw-135-36","status":"publish","type":"product","link":"https:\/\/photodealers.pt\/en\/produto\/dubblefilm-daily-bw-135-36\/","title":{"rendered":"Dubblefilm Daily B&#038;W 135\/36"},"content":{"rendered":"<p>DAILY b&#038;w \u00e9 uma excelente pel\u00edcula de exposi\u00e7\u00e3o iso 400 36.<\/p>\n<p>Um toque monocrom\u00e1tico para as fotografias do dia a dia<\/p>\n<p>A nossa gama Daily n\u00e3o est\u00e1 codificada em DX, pelo que as c\u00e2maras el\u00e9ctricas ir\u00e3o classific\u00e1-la a uma velocidade de 100. Test\u00e1mo-la exaustivamente e os resultados a 100 s\u00e3o realmente bons. <\/p>\n","protected":false},"excerpt":{"rendered":"<p>DAILY b&#038;w \u00e9 uma excelente pel\u00edcula de exposi\u00e7\u00e3o iso 400 36.<\/p>\n<p>Um toque monocrom\u00e1tico para as fotografias do dia a dia<\/p>\n<p>A nossa gama Daily n\u00e3o est\u00e1 codificada em DX, pelo que as c\u00e2maras el\u00e9ctricas ir\u00e3o classific\u00e1-la a uma velocidade de 100. Test\u00e1mo-la exaustivamente e os resultados a 100 s\u00e3o realmente bons. <\/p>\n","protected":false},"featured_media":4045,"template":"","meta":[],"product_brand":[],"product_cat":[85,104],"product_tag":[],"class_list":{"0":"post-4042","1":"product","2":"type-product","3":"status-publish","4":"has-post-thumbnail","6":"product_cat-pelicula","7":"product_cat-negativo-preto-e-branco","9":"first","10":"instock","11":"taxable","12":"shipping-taxable","13":"purchasable","14":"product-type-simple"},"tiered_pricing_type":"fixed","tiered_pricing_fixed_rules":[],"tiered_pricing_product_settings":{"layout":"default","base_unit_name":{"singular":null,"plural":null},"default_variation":null},"tiered_pricing_minimum_quantity":null,"tiered_pricing_roles_data":[],"tiered_pricing_percentage_rules":[],"_links":{"self":[{"href":"https:\/\/photodealers.pt\/en\/wp-json\/wp\/v2\/product\/4042","targetHints":{"allow":["GET"]}}],"collection":[{"href":"https:\/\/photodealers.pt\/en\/wp-json\/wp\/v2\/product"}],"about":[{"href":"https:\/\/photodealers.pt\/en\/wp-json\/wp\/v2\/types\/product"}],"wp:featuredmedia":[{"embeddable":true,"href":"https:\/\/photodealers.pt\/en\/wp-json\/wp\/v2\/media\/4045"}],"wp:attachment":[{"href":"https:\/\/photodealers.pt\/en\/wp-json\/wp\/v2\/media?parent=4042"}],"wp:term":[{"taxonomy":"product_brand","embeddable":true,"href":"https:\/\/photodealers.pt\/en\/wp-json\/wp\/v2\/product_brand?post=4042"},{"taxonomy":"product_cat","embeddable":true,"href":"https:\/\/photodealers.pt\/en\/wp-json\/wp\/v2\/product_cat?post=4042"},{"taxonomy":"product_tag","embeddable":true,"href":"https:\/\/photodealers.pt\/en\/wp-json\/wp\/v2\/product_tag?post=4042"}],"curies":[{"name":"wp","href":"https:\/\/api.w.org\/{rel}","templated":true}]}}