{"id":4036,"date":"2024-11-21T19:27:16","date_gmt":"2024-11-21T19:27:16","guid":{"rendered":"https:\/\/photodealers.pt\/?post_type=product&#038;p=4036"},"modified":"2025-11-09T16:45:33","modified_gmt":"2025-11-09T16:45:33","slug":"ilford-delta-3200-120","status":"publish","type":"product","link":"https:\/\/photodealers.pt\/en\/produto\/ilford-delta-3200-120\/","title":{"rendered":"Ilford Delta 3200 Filme de m\u00e9dio formato 120"},"content":{"rendered":"<p>Filme em rolo 120 para c\u00e2maras de m\u00e9dio formato.<\/p>\n<p>EI 3200, pel\u00edcula a preto e branco de velocidade excecionalmente elevada. Ideal para a\u00e7\u00e3o r\u00e1pida e fotografia com pouca luz.<\/p>\n<p>Velocidade ultra-alta EI 3200<br \/>\nPerfeito para fotografias de a\u00e7\u00e3o e com pouca luz<br \/>\nTecnologia de cristal Core-Shell<br \/>\nFilme em rolo de 35 mm e 120 dispon\u00edvel<\/p>\n","protected":false},"excerpt":{"rendered":"<p>Filme em rolo 120 para c\u00e2maras de m\u00e9dio formato.<\/p>\n<p>EI 3200, pel\u00edcula a preto e branco de velocidade excecionalmente elevada. Ideal para a\u00e7\u00e3o r\u00e1pida e fotografia com pouca luz.<\/p>\n<p>Velocidade ultra-alta EI 3200<br \/>\nPerfeito para fotografias de a\u00e7\u00e3o e com pouca luz<br \/>\nTecnologia de cristal Core-Shell<br \/>\nFilme em rolo de 35 mm e 120 dispon\u00edvel<\/p>\n","protected":false},"featured_media":4037,"template":"","meta":[],"product_brand":[],"product_cat":[85,104],"product_tag":[],"class_list":{"0":"post-4036","1":"product","2":"type-product","3":"status-publish","4":"has-post-thumbnail","6":"product_cat-pelicula","7":"product_cat-negativo-preto-e-branco","9":"first","10":"instock","11":"taxable","12":"shipping-taxable","13":"purchasable","14":"product-type-simple"},"tiered_pricing_type":"fixed","tiered_pricing_fixed_rules":[],"tiered_pricing_product_settings":{"layout":"default","base_unit_name":{"singular":null,"plural":null},"default_variation":null},"tiered_pricing_minimum_quantity":null,"tiered_pricing_roles_data":[],"tiered_pricing_percentage_rules":[],"_links":{"self":[{"href":"https:\/\/photodealers.pt\/en\/wp-json\/wp\/v2\/product\/4036","targetHints":{"allow":["GET"]}}],"collection":[{"href":"https:\/\/photodealers.pt\/en\/wp-json\/wp\/v2\/product"}],"about":[{"href":"https:\/\/photodealers.pt\/en\/wp-json\/wp\/v2\/types\/product"}],"wp:featuredmedia":[{"embeddable":true,"href":"https:\/\/photodealers.pt\/en\/wp-json\/wp\/v2\/media\/4037"}],"wp:attachment":[{"href":"https:\/\/photodealers.pt\/en\/wp-json\/wp\/v2\/media?parent=4036"}],"wp:term":[{"taxonomy":"product_brand","embeddable":true,"href":"https:\/\/photodealers.pt\/en\/wp-json\/wp\/v2\/product_brand?post=4036"},{"taxonomy":"product_cat","embeddable":true,"href":"https:\/\/photodealers.pt\/en\/wp-json\/wp\/v2\/product_cat?post=4036"},{"taxonomy":"product_tag","embeddable":true,"href":"https:\/\/photodealers.pt\/en\/wp-json\/wp\/v2\/product_tag?post=4036"}],"curies":[{"name":"wp","href":"https:\/\/api.w.org\/{rel}","templated":true}]}}