{"id":3274,"date":"2023-06-10T16:54:43","date_gmt":"2023-06-10T16:54:43","guid":{"rendered":"https:\/\/photodealers.pt\/?post_type=product&#038;p=3274"},"modified":"2025-05-07T12:33:50","modified_gmt":"2025-05-07T12:33:50","slug":"photo-dealers-filmbox-kodak-double-x","status":"publish","type":"product","link":"https:\/\/photodealers.pt\/en\/produto\/photo-dealers-filmbox-kodak-double-x\/","title":{"rendered":"Photo Dealers Filmbox \u2013 Kodak Double X"},"content":{"rendered":"<p>Caros Amantes da Fotografia Anal\u00f3gica, j\u00e1 ouviram falar da nossa caixa de filmes Photo Dealers? Esta inclui 4 peliculas Kodak Double X que levar\u00e3o a sua fotografia para o pr\u00f3ximo n\u00edvel! N\u00e3o perca este neg\u00f3cio incr\u00edvel, encomende agora e capture todos os belos momentos da sua vida.<\/p>\n","protected":false},"excerpt":{"rendered":"<p>Caixa especial Photo Dealers com 4 filmes Kodak Double X 36 Exposi\u00e7\u00f5es.<\/p>\n","protected":false},"featured_media":4303,"template":"","meta":[],"product_brand":[],"product_cat":[15],"product_tag":[],"class_list":{"0":"post-3274","1":"product","2":"type-product","3":"status-publish","4":"has-post-thumbnail","6":"product_cat-geral","8":"first","9":"outofstock","10":"taxable","11":"shipping-taxable","12":"purchasable","13":"product-type-simple"},"tiered_pricing_type":"fixed","tiered_pricing_fixed_rules":[],"tiered_pricing_product_settings":{"layout":"default","base_unit_name":{"singular":null,"plural":null},"default_variation":null},"tiered_pricing_minimum_quantity":null,"tiered_pricing_roles_data":[],"tiered_pricing_percentage_rules":[],"_links":{"self":[{"href":"https:\/\/photodealers.pt\/en\/wp-json\/wp\/v2\/product\/3274","targetHints":{"allow":["GET"]}}],"collection":[{"href":"https:\/\/photodealers.pt\/en\/wp-json\/wp\/v2\/product"}],"about":[{"href":"https:\/\/photodealers.pt\/en\/wp-json\/wp\/v2\/types\/product"}],"wp:featuredmedia":[{"embeddable":true,"href":"https:\/\/photodealers.pt\/en\/wp-json\/wp\/v2\/media\/4303"}],"wp:attachment":[{"href":"https:\/\/photodealers.pt\/en\/wp-json\/wp\/v2\/media?parent=3274"}],"wp:term":[{"taxonomy":"product_brand","embeddable":true,"href":"https:\/\/photodealers.pt\/en\/wp-json\/wp\/v2\/product_brand?post=3274"},{"taxonomy":"product_cat","embeddable":true,"href":"https:\/\/photodealers.pt\/en\/wp-json\/wp\/v2\/product_cat?post=3274"},{"taxonomy":"product_tag","embeddable":true,"href":"https:\/\/photodealers.pt\/en\/wp-json\/wp\/v2\/product_tag?post=3274"}],"curies":[{"name":"wp","href":"https:\/\/api.w.org\/{rel}","templated":true}]}}