{"id":2756,"date":"2023-03-13T20:52:45","date_gmt":"2023-03-13T20:52:45","guid":{"rendered":"https:\/\/photodealers.pt\/?post_type=product&#038;p=2756"},"modified":"2023-03-18T15:44:20","modified_gmt":"2023-03-18T15:44:20","slug":"tripe-gitzo-heavy-duty","status":"publish","type":"product","link":"https:\/\/photodealers.pt\/en\/produto\/tripe-gitzo-heavy-duty\/","title":{"rendered":"Trip\u00e9 Gitzo Heavy Duty"},"content":{"rendered":"<p>Trip\u00e9 &#8220;heavy duty&#8221; da prestigiada marca Gitzo em excelente estado. Apresenta algumas marcas de uso. Est\u00e1 totalmente funcional &#8211; todos os apertos cumprem a sua fun\u00e7\u00e3o sem esfor\u00e7o.<\/p>\n","protected":false},"excerpt":{"rendered":"<ul>\n<li>Trip\u00e9 &#8220;heavy duty&#8221; da prestigiada marca Gitzo<\/li>\n<li>Forte para aguentar bastante peso sem que existam vibra\u00e7\u00f5es<\/li>\n<li>Excelente estado<\/li>\n<li>Sem cabe\u00e7a<\/li>\n<\/ul>\n","protected":false},"featured_media":2757,"template":"","meta":[],"product_brand":[],"product_cat":[123,88],"product_tag":[],"class_list":{"0":"post-2756","1":"product","2":"type-product","3":"status-publish","4":"has-post-thumbnail","6":"product_cat-tripes-cabecas-monopes-gimbal","7":"product_cat-acessorios","8":"pa_condicao-excelente","9":"pa_condition-excellent-plus-2","11":"first","12":"instock","13":"taxable","14":"shipping-taxable","15":"purchasable","16":"product-type-simple"},"tiered_pricing_type":"fixed","tiered_pricing_fixed_rules":[],"tiered_pricing_product_settings":{"layout":"default","base_unit_name":{"singular":null,"plural":null},"default_variation":null},"tiered_pricing_minimum_quantity":null,"tiered_pricing_roles_data":[],"tiered_pricing_percentage_rules":[],"_links":{"self":[{"href":"https:\/\/photodealers.pt\/en\/wp-json\/wp\/v2\/product\/2756","targetHints":{"allow":["GET"]}}],"collection":[{"href":"https:\/\/photodealers.pt\/en\/wp-json\/wp\/v2\/product"}],"about":[{"href":"https:\/\/photodealers.pt\/en\/wp-json\/wp\/v2\/types\/product"}],"wp:featuredmedia":[{"embeddable":true,"href":"https:\/\/photodealers.pt\/en\/wp-json\/wp\/v2\/media\/2757"}],"wp:attachment":[{"href":"https:\/\/photodealers.pt\/en\/wp-json\/wp\/v2\/media?parent=2756"}],"wp:term":[{"taxonomy":"product_brand","embeddable":true,"href":"https:\/\/photodealers.pt\/en\/wp-json\/wp\/v2\/product_brand?post=2756"},{"taxonomy":"product_cat","embeddable":true,"href":"https:\/\/photodealers.pt\/en\/wp-json\/wp\/v2\/product_cat?post=2756"},{"taxonomy":"product_tag","embeddable":true,"href":"https:\/\/photodealers.pt\/en\/wp-json\/wp\/v2\/product_tag?post=2756"}],"curies":[{"name":"wp","href":"https:\/\/api.w.org\/{rel}","templated":true}]}}