{"id":2123,"date":"2022-12-09T17:53:01","date_gmt":"2022-12-09T17:53:01","guid":{"rendered":"https:\/\/photodealers.pt\/?page_id=2123"},"modified":"2023-02-20T00:03:45","modified_gmt":"2023-02-20T00:03:45","slug":"terms-conditions","status":"publish","type":"page","link":"https:\/\/photodealers.pt\/en\/terms-conditions\/","title":{"rendered":"Terms &#038; Conditions"},"content":{"rendered":"\n<p>Bem-vindo ao Photodealers!<\/p>\n\n<p>Estes termos e condi\u00e7\u00f5es descrevem as regras e regulamentos para a utiliza\u00e7\u00e3o do Website de Photodealers, localizado em Https:\/\/photodealers.pt.<\/p>\n\n<p>Ao aceder a este website, assumimos que aceita estes termos e condi\u00e7\u00f5es. N\u00e3o continue a utilizar o Photodealers se n\u00e3o concordar em aceitar todos os termos e condi\u00e7\u00f5es indicados nesta p\u00e1gina.<\/p>\n\n<p>A seguinte terminologia aplica-se aos presentes Termos e Condi\u00e7\u00f5es, Declara\u00e7\u00e3o de Privacidade e Aviso de Isen\u00e7\u00e3o de Responsabilidade e a todos os Acordos: &#8220;Cliente&#8221;, &#8220;Voc\u00ea&#8221; e &#8220;Seu&#8221; referem-se a si, a pessoa que faz o login neste website e cumpre os termos e condi\u00e7\u00f5es da Empresa. &#8220;A Empresa&#8221;, &#8220;N\u00f3s pr\u00f3prios&#8221;, &#8220;N\u00f3s&#8221;, &#8220;Nosso&#8221; e &#8220;N\u00f3s&#8221;, refere-se \u00e0 nossa Empresa. &#8220;Partido&#8221;, &#8220;Partes&#8221;, ou &#8220;N\u00f3s&#8221;, refere-se tanto ao Cliente como a n\u00f3s pr\u00f3prios. Todos os termos referem-se \u00e0 oferta, aceita\u00e7\u00e3o e considera\u00e7\u00e3o do pagamento necess\u00e1rio para empreender o processo da nossa assist\u00eancia ao Cliente da forma mais apropriada para o objectivo expresso de satisfazer as necessidades do Cliente no que respeita \u00e0 presta\u00e7\u00e3o dos servi\u00e7os declarados da Empresa, de acordo com e sujeito \u00e0 legisla\u00e7\u00e3o vigente nos Pa\u00edses Baixos. Qualquer uso da terminologia acima ou outras palavras no singular, plural, capitaliza\u00e7\u00e3o e\/ou ele\/ela ou eles, s\u00e3o considerados como intercambi\u00e1veis e, portanto, como referindo-se ao mesmo.<br\/>Cookies<\/p>\n\n<p>Utilizamos o uso de cookies. Ao aceder a Photodealers, concordou em utilizar cookies de acordo com a Pol\u00edtica de Privacidade da Photodealers.<\/p>\n\n<p>A maioria dos websites interactivos utiliza cookies para nos permitir recuperar os dados do utilizador para cada visita. Os cookies s\u00e3o utilizados pelo nosso website para permitir a funcionalidade de certas \u00e1reas de modo a facilitar a visita das pessoas que visitam o nosso website. Alguns dos nossos parceiros afiliados\/parceiros publicit\u00e1rios podem tamb\u00e9m utilizar cookies.<br\/>Licen\u00e7a<\/p>\n\n<p>Salvo indica\u00e7\u00e3o em contr\u00e1rio, os Photodealers e\/ou os seus licenciantes det\u00eam os direitos de propriedade intelectual de todo o material sobre Photodealers. Todos os direitos de propriedade intelectual s\u00e3o reservados. Poder\u00e1 aceder a estes a partir de Photodealers para seu pr\u00f3prio uso pessoal sujeito a restri\u00e7\u00f5es estabelecidas nestes termos e condi\u00e7\u00f5es.<\/p>\n\n<p>N\u00e3o deve faz\u00ea-lo:<\/p>\n\n<p>Publicar novamente o material da Photodealers\nVenda, aluguer ou sub-licenciamento de material de Photodealers\nReproduzir, duplicar ou copiar material de Photodealers\nRedistribuir conte\u00fado de Photodealers<\/p>\n\n<p>O presente Acordo ter\u00e1 in\u00edcio na data do mesmo.<\/p>\n\n<p>Partes deste website oferecem aos utilizadores a oportunidade de publicar e trocar opini\u00f5es e informa\u00e7\u00f5es em certas \u00e1reas do website. Os Photodealers n\u00e3o filtram, editam, publicam ou rev\u00eaem Coment\u00e1rios antes da sua presen\u00e7a no s\u00edtio web. Os coment\u00e1rios n\u00e3o reflectem os pontos de vista e opini\u00f5es dos Photodealers, seus agentes e\/ou afiliados. Os coment\u00e1rios reflectem os pontos de vista e opini\u00f5es da pessoa que publica os seus pontos de vista e opini\u00f5es. Na medida do permitido pela legisla\u00e7\u00e3o aplic\u00e1vel, os Photodealers n\u00e3o ser\u00e3o respons\u00e1veis pelos Coment\u00e1rios ou por qualquer responsabilidade, danos ou despesas causadas e\/ou sofridas como resultado de qualquer utiliza\u00e7\u00e3o e\/ou publica\u00e7\u00e3o e\/ou aparecimento dos Coment\u00e1rios neste website.<\/p>\n\n<p>Os Photodealers reservam-se o direito de controlar todos os Coment\u00e1rios e de remover quaisquer Coment\u00e1rios que possam ser considerados inadequados, ofensivos ou que causem a viola\u00e7\u00e3o destes Termos e Condi\u00e7\u00f5es.<\/p>\n\n<p>O utilizador garante e representa isso:<\/p>\n\n<p>Tem o direito de publicar os Coment\u00e1rios no nosso website e tem todas as licen\u00e7as e consentimentos necess\u00e1rios para o fazer;\nOs Coment\u00e1rios n\u00e3o invadem qualquer direito de propriedade intelectual, incluindo, sem limita\u00e7\u00e3o, direitos de autor, patentes ou marcas comerciais de terceiros;\nOs Coment\u00e1rios n\u00e3o cont\u00eam qualquer material difamat\u00f3rio, calunioso, ofensivo, indecente ou ilegal que seja uma invas\u00e3o de privacidade\nOs Coment\u00e1rios n\u00e3o ser\u00e3o utilizados para solicitar ou promover neg\u00f3cios ou costumes ou apresentar actividades comerciais ou actividades ilegais.<\/p>\n\n<p>O utilizador concede aos Photodealers uma licen\u00e7a n\u00e3o exclusiva para utilizar, reproduzir, editar e autorizar outros a utilizar, reproduzir e editar qualquer um dos seus Coment\u00e1rios em qualquer e todas as formas, formatos ou suportes.<br\/>Hiperliga\u00e7\u00e3o ao nosso Conte\u00fado<\/p>\n\n<p>As seguintes organiza\u00e7\u00f5es podem criar um link para o nosso s\u00edtio web sem aprova\u00e7\u00e3o pr\u00e9via por escrito:<\/p>\n\n<p>Ag\u00eancias governamentais;\nMotores de pesquisa;\nOrganiza\u00e7\u00f5es de not\u00edcias;\nOs distribuidores de direct\u00f3rios em linha podem ligar ao nosso Website da mesma forma que hiperligam para os Websites de outras empresas listadas; e\nEmpresas acreditadas em todo o sistema, excepto organiza\u00e7\u00f5es sem fins lucrativos, centros comerciais de caridade e grupos de angaria\u00e7\u00e3o de fundos de caridade que n\u00e3o podem fazer hiperliga\u00e7\u00f5es para o nosso s\u00edtio Web.<\/p>\n\n<p>Estas organiza\u00e7\u00f5es podem ligar \u00e0 nossa p\u00e1gina inicial, a publica\u00e7\u00f5es ou a outras informa\u00e7\u00f5es do Website, desde que a liga\u00e7\u00e3o seja feita: (a) n\u00e3o seja de forma alguma enganosa; (b) n\u00e3o implique falsamente patroc\u00ednio, endosso ou aprova\u00e7\u00e3o da parte que faz a liga\u00e7\u00e3o e dos seus produtos e\/ou servi\u00e7os; e (c) se enquadre no contexto do s\u00edtio da parte que faz a liga\u00e7\u00e3o.<\/p>\n\n<p>Podemos considerar e aprovar outros pedidos de liga\u00e7\u00e3o dos seguintes tipos de organiza\u00e7\u00f5es:<\/p>\n\n<p>fontes de informa\u00e7\u00e3o de consumidores e\/ou empresas comummente conhecidas; s\u00edtios comunit\u00e1rios dot.com; associa\u00e7\u00f5es ou outros grupos representativos de institui\u00e7\u00f5es de caridade; distribuidores de direct\u00f3rios em linha; portais de Internet; empresas de contabilidade, direito e consultoria; e institui\u00e7\u00f5es educacionais e associa\u00e7\u00f5es comerciais.<\/p>\n\n<p>Aprovaremos os pedidos de liga\u00e7\u00e3o destas organiza\u00e7\u00f5es se decidirmos isso: (a) a liga\u00e7\u00e3o n\u00e3o nos faria parecer desfavoravelmente a n\u00f3s pr\u00f3prios ou \u00e0s nossas empresas acreditadas; (b) a organiza\u00e7\u00e3o n\u00e3o tem quaisquer registos negativos connosco; (c) o benef\u00edcio para n\u00f3s da visibilidade da hiperliga\u00e7\u00e3o compensa a aus\u00eancia de Photodealers; e (d) a liga\u00e7\u00e3o est\u00e1 no contexto de informa\u00e7\u00e3o geral de recursos.<\/p>\n\n<p>Estas organiza\u00e7\u00f5es podem ligar \u00e0 nossa p\u00e1gina inicial, desde que a liga\u00e7\u00e3o: (a) n\u00e3o seja de forma alguma enganosa; (b) n\u00e3o implique falsamente patroc\u00ednio, endosso ou aprova\u00e7\u00e3o da parte que liga e dos seus produtos ou servi\u00e7os; e (c) se enquadre no contexto do site da parte que liga.<\/p>\n\n<p>Se for uma das organiza\u00e7\u00f5es listadas no par\u00e1grafo 2 acima e estiver interessado em criar um link para o nosso site, deve informar-nos enviando um e-mail para Photodealers. Por favor inclua o seu nome, o nome da sua organiza\u00e7\u00e3o, informa\u00e7\u00f5es de contacto assim como o URL do seu site, uma lista de quaisquer URLs a partir dos quais pretende criar uma liga\u00e7\u00e3o ao nosso site, e uma lista dos URLs no nosso site para os quais pretende criar uma liga\u00e7\u00e3o. Aguarde 2-3 semanas por uma resposta.<\/p>\n\n<p>As organiza\u00e7\u00f5es aprovadas podem fazer a seguinte hiperliga\u00e7\u00e3o para o nosso s\u00edtio web:<\/p>\n\n<p>Atrav\u00e9s da utiliza\u00e7\u00e3o do nosso nome empresarial; ou\nAtrav\u00e9s da utiliza\u00e7\u00e3o do localizador uniforme de recursos a que est\u00e1 ligado; ou\nA utiliza\u00e7\u00e3o de qualquer outra descri\u00e7\u00e3o do nosso Website que esteja ligada a isso faz sentido dentro do contexto e formato do conte\u00fado do Website da parte que faz a liga\u00e7\u00e3o.<\/p>\n\n<p>N\u00e3o ser\u00e1 permitida a utiliza\u00e7\u00e3o do log\u00f3tipo do Photodealers ou de outras obras de arte para a cria\u00e7\u00e3o de liga\u00e7\u00f5es, na aus\u00eancia de um acordo de licen\u00e7a de marca registada.<br\/>iFrames<\/p>\n\n<p>Sem aprova\u00e7\u00e3o pr\u00e9via e autoriza\u00e7\u00e3o por escrito, n\u00e3o poder\u00e1 criar frames em torno das nossas p\u00e1ginas Web que alterem de forma alguma a apresenta\u00e7\u00e3o visual ou a apar\u00eancia do nosso Website.<br\/>Responsabilidade pelo conte\u00fado<\/p>\n\n<p>N\u00e3o nos responsabilizaremos por qualquer conte\u00fado que apare\u00e7a no seu Website. O utilizador concorda em proteger-nos e defender-nos contra todas as reivindica\u00e7\u00f5es que surjam no seu s\u00edtio de Internet. Nenhum link(s) dever\u00e1 aparecer em qualquer website que possa ser interpretado como calunioso, obsceno ou criminoso, ou que infrinja, de outra forma viole, ou defenda a infrac\u00e7\u00e3o ou outra viola\u00e7\u00e3o de quaisquer direitos de terceiros.<br\/>A sua privacidade<\/p>\n\n<p>Please read our Terms &amp; conditions and out Privacy Policy<\/p>\n\n<p>Reservamo-nos o direito de lhe pedir que remova todos os links ou qualquer link em particular para o nosso Website. O cliente aprova a remo\u00e7\u00e3o imediata de todos os links para o nosso Website, mediante pedido. Tamb\u00e9m nos reservamos o direito de aceitar estes termos e condi\u00e7\u00f5es e \u00e9 pol\u00edtica de links a qualquer momento. Ao criar uma liga\u00e7\u00e3o cont\u00ednua ao nosso Website, o utilizador concorda em estar vinculado e seguir estes termos e condi\u00e7\u00f5es de liga\u00e7\u00e3o.<br\/>Remo\u00e7\u00e3o de links do nosso s\u00edtio web<\/p>\n\n<p>Se encontrar algum link no nosso Website que seja ofensivo por qualquer raz\u00e3o, \u00e9 livre de nos contactar e informar-nos a qualquer momento. Consideraremos pedidos para remover liga\u00e7\u00f5es, mas n\u00e3o somos obrigados a faz\u00ea-lo ou a responder-lhe directamente.<\/p>\n\n<p>N\u00e3o garantimos que a informa\u00e7\u00e3o neste website esteja correcta, n\u00e3o garantimos a sua integridade ou exactid\u00e3o; nem garantimos que o website permane\u00e7a dispon\u00edvel ou que o material do website seja mantido actualizado.<br\/>Declara\u00e7\u00e3o de exonera\u00e7\u00e3o de responsabilidade<\/p>\n\n<p>Na medida m\u00e1xima permitida pela lei aplic\u00e1vel, exclu\u00edmos todas as representa\u00e7\u00f5es, garantias e condi\u00e7\u00f5es relacionadas com o nosso website e a utiliza\u00e7\u00e3o deste website. Nada nesta declara\u00e7\u00e3o de exonera\u00e7\u00e3o de responsabilidade o far\u00e1:<\/p>\n\n<p>limitar\u00e1 ou excluir\u00e1 a nossa ou a sua responsabilidade por morte ou danos pessoais;\nlimitar\u00e1 ou excluir\u00e1 a nossa ou a sua responsabilidade por fraude ou deturpa\u00e7\u00e3o fraudulenta;\nlimitar\u00e1 qualquer responsabilidade nossa ou do utilizador de qualquer forma que n\u00e3o seja permitida pela lei aplic\u00e1vel; ou\nexcluir quaisquer das nossas ou das suas responsabilidades que n\u00e3o possam ser exclu\u00eddas ao abrigo da lei aplic\u00e1vel.<\/p>\n\n<p>As limita\u00e7\u00f5es e proibi\u00e7\u00f5es de responsabilidade estabelecidas nesta sec\u00e7\u00e3o e em qualquer outra parte desta exonera\u00e7\u00e3o de responsabilidade: (a) est\u00e3o sujeitas ao par\u00e1grafo anterior; e (b) regem todas as responsabilidades decorrentes da exonera\u00e7\u00e3o de responsabilidade, incluindo responsabilidades decorrentes de contrato, delito civil e por viola\u00e7\u00e3o do dever estatut\u00e1rio.<\/p>\n\n<p>Desde que o website e as informa\u00e7\u00f5es e servi\u00e7os no website sejam fornecidos gratuitamente, n\u00e3o seremos respons\u00e1veis por qualquer perda ou dano de qualquer natureza.<\/p>\n","protected":false},"excerpt":{"rendered":"<p>Bem-vindo ao Photodealers! Estes termos e condi\u00e7\u00f5es descrevem as regras e regulamentos para a utiliza\u00e7\u00e3o do Website de Photodealers, localizado em Https:\/\/photodealers.pt. Ao aceder a este website, assumimos que aceita estes termos e condi\u00e7\u00f5es. N\u00e3o continue a utilizar o Photodealers se n\u00e3o concordar em aceitar todos os termos e condi\u00e7\u00f5es indicados nesta p\u00e1gina. A seguinte [&#8230;]\n","protected":false},"author":1,"featured_media":0,"parent":0,"menu_order":0,"comment_status":"closed","ping_status":"closed","template":"","meta":{"footnotes":""},"class_list":["post-2123","page","type-page","status-publish","hentry"],"_links":{"self":[{"href":"https:\/\/photodealers.pt\/en\/wp-json\/wp\/v2\/pages\/2123","targetHints":{"allow":["GET"]}}],"collection":[{"href":"https:\/\/photodealers.pt\/en\/wp-json\/wp\/v2\/pages"}],"about":[{"href":"https:\/\/photodealers.pt\/en\/wp-json\/wp\/v2\/types\/page"}],"author":[{"embeddable":true,"href":"https:\/\/photodealers.pt\/en\/wp-json\/wp\/v2\/users\/1"}],"replies":[{"embeddable":true,"href":"https:\/\/photodealers.pt\/en\/wp-json\/wp\/v2\/comments?post=2123"}],"version-history":[{"count":0,"href":"https:\/\/photodealers.pt\/en\/wp-json\/wp\/v2\/pages\/2123\/revisions"}],"wp:attachment":[{"href":"https:\/\/photodealers.pt\/en\/wp-json\/wp\/v2\/media?parent=2123"}],"curies":[{"name":"wp","href":"https:\/\/api.w.org\/{rel}","templated":true}]}}