{"id":2119,"date":"2022-10-27T19:46:37","date_gmt":"2022-10-27T19:46:37","guid":{"rendered":"https:\/\/photodealers.pt\/?page_id=2119"},"modified":"2023-02-20T00:02:22","modified_gmt":"2023-02-20T00:02:22","slug":"privacy-policy","status":"publish","type":"page","link":"https:\/\/photodealers.pt\/en\/privacy-policy\/","title":{"rendered":"Privacy Policy"},"content":{"rendered":"\n<p><strong>\u00daltima Actualiza\u00e7\u00e3o em 09-Dez-2022<br\/>Data Efectiva 09-Dez-2022<\/strong><\/p>\n\n<p>Esta Pol\u00edtica de Privacidade descreve as pol\u00edticas dos Photodealers, Rua 9 de Julho n\u00ba 28, Porto 4050-433 Porto, Portugal, e-mail: greral@photodealers.pt, telefone: 918 525 154 sobre a recolha, utiliza\u00e7\u00e3o e divulga\u00e7\u00e3o das suas informa\u00e7\u00f5es que recolhemos quando utiliza o nosso website ( https:\/\/photodealers.pt ). (o &#8220;Servi\u00e7o&#8221;). <\/p>\n\n<p>Ao aceder ou utilizar o Servi\u00e7o, est\u00e1 a consentir a recolha, utiliza\u00e7\u00e3o e divulga\u00e7\u00e3o das suas informa\u00e7\u00f5es, de acordo com a presente Pol\u00edtica de Privacidade. Se n\u00e3o consentir o mesmo, n\u00e3o aceda ou utilize o Servi\u00e7o.<br\/>Podemos modificar a presente Pol\u00edtica de Privacidade em qualquer altura sem aviso pr\u00e9vio e publicaremos a Pol\u00edtica de Privacidade revista no Servi\u00e7o. A Pol\u00edtica revista entrar\u00e1 em vigor 180 dias a partir do momento em que a Pol\u00edtica revista for publicada no Servi\u00e7o e o acesso ou utiliza\u00e7\u00e3o continuada do Servi\u00e7o ap\u00f3s esse per\u00edodo constituir\u00e1 a sua aceita\u00e7\u00e3o da Pol\u00edtica de Privacidade revista. Por conseguinte, recomendamos-lhe que reveja periodicamente esta p\u00e1gina.<\/p>\n\n<p><strong>Informa\u00e7\u00f5es por n\u00f3s recolhidas:<\/strong><br\/>Recolheremos e processaremos as seguintes informa\u00e7\u00f5es pessoais a seu respeito:<\/p>\n\n<ul class=\"wp-block-list\">\n<li>Name<\/li>\n\n\n\n<li>Email<\/li>\n\n\n\n<li>Payment info<\/li>\n<\/ul>\n\n<p><strong>Como Utilizamos a Sua Informa\u00e7\u00e3o:<\/strong><br\/>Utilizaremos a informa\u00e7\u00e3o que recolhemos sobre si para os seguintes fins:<\/p>\n\n<ul class=\"wp-block-list\">\n<li>Marketing \/ Promocional<\/li>\n\n\n\n<li>Manage cliente order<\/li>\n\n\n\n<li>Manage user account<\/li>\n<\/ul>\n\n<p><br\/>Se quisermos utilizar as suas informa\u00e7\u00f5es para qualquer outro fim, pediremos o seu consentimento e utilizaremos as suas informa\u00e7\u00f5es apenas quando recebermos o seu consentimento e depois, apenas para o(s) fim(s) para o(s) qual(is) o(s) qual(is) o(s) consentimento(s) ser\u00e1(\u00e3o) concedido(s), a menos que sejamos obrigados por lei a fazer o contr\u00e1rio.<\/p>\n\n<p><strong>Reten\u00e7\u00e3o das suas informa\u00e7\u00f5es:<\/strong><br\/>Conservaremos as suas informa\u00e7\u00f5es pessoais connosco durante 90 dias a 2 anos ap\u00f3s os utilizadores encerrarem as suas contas ou durante o tempo necess\u00e1rio para cumprir as finalidades para as quais foram recolhidas, conforme detalhado na presente Pol\u00edtica de Privacidade. Poderemos ter de reter certas informa\u00e7\u00f5es por per\u00edodos mais longos, tais como manuten\u00e7\u00e3o de registos\/relat\u00f3rios em conformidade com a legisla\u00e7\u00e3o aplic\u00e1vel ou por outras raz\u00f5es leg\u00edtimas, tais como aplica\u00e7\u00e3o de direitos legais, preven\u00e7\u00e3o de fraudes, etc. Informa\u00e7\u00f5es an\u00f3nimas residuais e informa\u00e7\u00f5es agregadas, nenhuma das quais o identifica (directa ou indirectamente), podem ser armazenadas indefinidamente.<\/p>\n\n<p><strong>Os seus direitos:<\/strong><br\/>Dependendo da lei aplic\u00e1vel, poder\u00e1 ter o direito de aceder e rectificar ou apagar os seus dados pessoais ou receber uma c\u00f3pia dos seus dados pessoais, restringir ou opor-se ao processamento activo dos seus dados, pedir-nos que partilhemos (portar) as suas informa\u00e7\u00f5es pessoais com outra entidade, retirar qualquer consentimento que nos tenha dado para processar os seus dados, o direito de apresentar queixa a uma autoridade estatut\u00e1ria e outros direitos que possam ser relevantes ao abrigo das leis aplic\u00e1veis. Para exercer estes direitos, pode escrever-nos para greral@photodealers.pt. Responderemos ao seu pedido em conformidade com a legisla\u00e7\u00e3o aplic\u00e1vel.<br\/>O cliente pode optar por n\u00e3o participar em comunica\u00e7\u00f5es de marketing directo ou no perfil que realizamos para fins de marketing, escrevendo-nos para greral@photodealers.<\/p>\n\n<p>Note que se n\u00e3o nos permitir recolher ou processar as informa\u00e7\u00f5es pessoais necess\u00e1rias ou retirar o consentimento para processar as mesmas para os fins exigidos, poder\u00e1 n\u00e3o poder aceder ou utilizar os servi\u00e7os para os quais as suas informa\u00e7\u00f5es foram solicitadas.<\/p>\n\n<p><strong>Cookies Etc.<\/strong><br\/>Para saber mais sobre a forma como os utilizamos e as suas escolhas em rela\u00e7\u00e3o a estas tecnologias de rastreio, consulte a nossa Pol\u00edtica de Cookies.<\/p>\n\n<p><strong>Seguran\u00e7a:<\/strong><br\/>A seguran\u00e7a das suas informa\u00e7\u00f5es \u00e9 importante para n\u00f3s e utilizaremos medidas de seguran\u00e7a razo\u00e1veis para evitar a perda, utiliza\u00e7\u00e3o indevida ou altera\u00e7\u00e3o n\u00e3o autorizada das suas informa\u00e7\u00f5es sob o nosso controlo. No entanto, dados os riscos inerentes, n\u00e3o podemos garantir seguran\u00e7a absoluta e, consequentemente, n\u00e3o podemos assegurar ou garantir a seguran\u00e7a de qualquer informa\u00e7\u00e3o que nos transmita e que o fa\u00e7a por sua conta e risco.<\/p>\n\n<p><strong>Respons\u00e1vel pela queixa \/ protec\u00e7\u00e3o de dados:<\/strong><br\/>Se tiver quaisquer d\u00favidas ou preocupa\u00e7\u00f5es sobre o processamento da sua informa\u00e7\u00e3o que esteja dispon\u00edvel connosco, poder\u00e1 enviar um e-mail ao nosso Respons\u00e1vel de Protec\u00e7\u00e3o de Dados em Soraia Bl\u00e1s, Rua 9 de Julho n\u00ba 28, e-mail: greral@photodealers.pt. Responderemos \u00e0s suas preocupa\u00e7\u00f5es em conformidade com a legisla\u00e7\u00e3o aplic\u00e1vel.<\/p>\n","protected":false},"excerpt":{"rendered":"<p>\u00daltima Actualiza\u00e7\u00e3o em 09-Dez-2022Data Efectiva 09-Dez-2022 Esta Pol\u00edtica de Privacidade descreve as pol\u00edticas dos Photodealers, Rua 9 de Julho n\u00ba 28, Porto 4050-433 Porto, Portugal, e-mail: greral@photodealers.pt, telefone: 918 525 154 sobre a recolha, utiliza\u00e7\u00e3o e divulga\u00e7\u00e3o das suas informa\u00e7\u00f5es que recolhemos quando utiliza o nosso website ( https:\/\/photodealers.pt ). (o &#8220;Servi\u00e7o&#8221;). Ao aceder ou [&#8230;]\n","protected":false},"author":1,"featured_media":0,"parent":0,"menu_order":0,"comment_status":"closed","ping_status":"closed","template":"","meta":{"footnotes":""},"class_list":["post-2119","page","type-page","status-publish","hentry"],"_links":{"self":[{"href":"https:\/\/photodealers.pt\/en\/wp-json\/wp\/v2\/pages\/2119","targetHints":{"allow":["GET"]}}],"collection":[{"href":"https:\/\/photodealers.pt\/en\/wp-json\/wp\/v2\/pages"}],"about":[{"href":"https:\/\/photodealers.pt\/en\/wp-json\/wp\/v2\/types\/page"}],"author":[{"embeddable":true,"href":"https:\/\/photodealers.pt\/en\/wp-json\/wp\/v2\/users\/1"}],"replies":[{"embeddable":true,"href":"https:\/\/photodealers.pt\/en\/wp-json\/wp\/v2\/comments?post=2119"}],"version-history":[{"count":0,"href":"https:\/\/photodealers.pt\/en\/wp-json\/wp\/v2\/pages\/2119\/revisions"}],"wp:attachment":[{"href":"https:\/\/photodealers.pt\/en\/wp-json\/wp\/v2\/media?parent=2119"}],"curies":[{"name":"wp","href":"https:\/\/api.w.org\/{rel}","templated":true}]}}