{"id":1919,"date":"2013-08-11T20:13:42","date_gmt":"2013-08-11T20:13:42","guid":{"rendered":"https:\/\/photodealers.pt\/faq\/"},"modified":"2025-08-05T14:59:40","modified_gmt":"2025-08-05T14:59:40","slug":"faq","status":"publish","type":"page","link":"https:\/\/photodealers.pt\/en\/faq\/","title":{"rendered":"FAQ"},"content":{"rendered":"\n<div class=\"container section-title-container\" ><h3 class=\"section-title section-title-center\"><b aria-hidden=\"true\"><\/b><span class=\"section-title-main\" >Frequently asked questions<\/span><b aria-hidden=\"true\"><\/b><\/h3><\/div>\n\n<div class=\"accordion\">\n\n\t<div id=\"accordion-3447262576\" class=\"accordion-item\">\n\t\t<a id=\"accordion-3447262576-label\" class=\"accordion-title plain\" href=\"#accordion-item-who-we-are?\" aria-expanded=\"false\" aria-controls=\"accordion-3447262576-content\">\n\t\t\t<button class=\"toggle\" aria-label=\"Toggle\"><i class=\"icon-angle-down\" aria-hidden=\"true\"><\/i><\/button>\n\t\t\t<span>Who we are?<\/span>\n\t\t<\/a>\n\t\t<div id=\"accordion-3447262576-content\" class=\"accordion-inner\" aria-labelledby=\"accordion-3447262576-label\">\n\t\t\t\n\n<p>Carlos e Soraia, 2 apaixonados pela fotografia anal\u00f3gica que se juntaram com<br \/>\no intuito de dinamizar esta arte na cidade do Porto e com o desafio de dar a<br \/>\nconhecer e trazer mais gente para o mundo do anal\u00f3gico..<\/p>\n\n\t\t<\/div>\n\t<\/div>\n\t\n\t<div id=\"accordion-2015706553\" class=\"accordion-item\">\n\t\t<a id=\"accordion-2015706553-label\" class=\"accordion-title plain\" href=\"#accordion-item-where-does-the-name-photo-dealers-come-from?\" aria-expanded=\"false\" aria-controls=\"accordion-2015706553-content\">\n\t\t\t<button class=\"toggle\" aria-label=\"Toggle\"><i class=\"icon-angle-down\" aria-hidden=\"true\"><\/i><\/button>\n\t\t\t<span>Where does the name Photo Dealers come from?<\/span>\n\t\t<\/a>\n\t\t<div id=\"accordion-2015706553-content\" class=\"accordion-inner\" aria-labelledby=\"accordion-2015706553-label\">\n\t\t\t\n\n<p>Foi um nome que nos surgiu \u00e0 primeira quase de forma natural, como<br \/>\nrepresentantes e negociantes de fotografia anal\u00f3gica. Comerciantes do<br \/>\nanal\u00f3gico, palavra derivada do latim \u201cmercari\u201d &#8211; tr\u00e1fego e do franc\u00eas \u201cmercis\u201d<br \/>\n\u2013 mercadoria.<\/p>\n\n\t\t<\/div>\n\t<\/div>\n\t\n\t<div id=\"accordion-665508794\" class=\"accordion-item\">\n\t\t<a id=\"accordion-665508794-label\" class=\"accordion-title plain\" href=\"#accordion-item-what-are-the-store&#039;s-opening-hours?\" aria-expanded=\"false\" aria-controls=\"accordion-665508794-content\">\n\t\t\t<button class=\"toggle\" aria-label=\"Toggle\"><i class=\"icon-angle-down\" aria-hidden=\"true\"><\/i><\/button>\n\t\t\t<span>What are the store&#039;s opening hours?<\/span>\n\t\t<\/a>\n\t\t<div id=\"accordion-665508794-content\" class=\"accordion-inner\" aria-labelledby=\"accordion-665508794-label\">\n\t\t\t\n\n<p>The opening hours of our physical store are from 14.30 to 19.00, Monday to Friday, Saturday from 10.00 to 18.00. If you wish to visit us outside these hours, please contact us first.<\/p>\n\n\t\t<\/div>\n\t<\/div>\n\t\n\t<div id=\"accordion-1627925483\" class=\"accordion-item\">\n\t\t<a id=\"accordion-1627925483-label\" class=\"accordion-title plain\" href=\"#accordion-item-%20what-services-do-photo-dealers-provide?\" aria-expanded=\"false\" aria-controls=\"accordion-1627925483-content\">\n\t\t\t<button class=\"toggle\" aria-label=\"Toggle\"><i class=\"icon-angle-down\" aria-hidden=\"true\"><\/i><\/button>\n\t\t\t<span> What services do Photo Dealers provide?<\/span>\n\t\t<\/a>\n\t\t<div id=\"accordion-1627925483-content\" class=\"accordion-inner\" aria-labelledby=\"accordion-1627925483-label\">\n\t\t\t\n\n<p>Venda de material fotogr\u00e1fico novo e usado, servi\u00e7os de laborat\u00f3rio<br \/>\nfotogr\u00e1fico, workshops e forma\u00e7\u00e3o.<\/p>\n\n\t\t<\/div>\n\t<\/div>\n\t\n\t<div id=\"accordion-3032928803\" class=\"accordion-item\">\n\t\t<a id=\"accordion-3032928803-label\" class=\"accordion-title plain\" href=\"#accordion-item-do-the-photo-dealers-have-a-physical-store?\" aria-expanded=\"false\" aria-controls=\"accordion-3032928803-content\">\n\t\t\t<button class=\"toggle\" aria-label=\"Toggle\"><i class=\"icon-angle-down\" aria-hidden=\"true\"><\/i><\/button>\n\t\t\t<span>Do the Photo Dealers have a physical store?<\/span>\n\t\t<\/a>\n\t\t<div id=\"accordion-3032928803-content\" class=\"accordion-inner\" aria-labelledby=\"accordion-3032928803-label\">\n\t\t\t\n\n<p>Right in the heart of Porto, located at Rua Oliveira Monteiro n\u00ba 368, 4050-439 Porto, next to the Carolina Michaelis High School.<\/p>\n\n\t\t<\/div>\n\t<\/div>\n\t\n\n<\/div>\n\t<div id=\"gap-795373916\" class=\"gap-element clearfix\" style=\"display:block; height:auto;\">\n\t\t\n<style>\n#gap-795373916 {\n  padding-top: 30px;\n}\n<\/style>\n\t<\/div>\n\t\n\n<h3 class=\"accordion_title\"> FAQ Laboratory and Services<\/h3><div class=\"accordion\">\n\n\t<div id=\"accordion-1002068748\" class=\"accordion-item\">\n\t\t<a id=\"accordion-1002068748-label\" class=\"accordion-title plain\" href=\"#accordion-item-what-are-the-prices-for-developing-and-scanning?-\" aria-expanded=\"false\" aria-controls=\"accordion-1002068748-content\">\n\t\t\t<button class=\"toggle\" aria-label=\"Toggle\"><i class=\"icon-angle-down\" aria-hidden=\"true\"><\/i><\/button>\n\t\t\t<span>What are the prices for developing and scanning?\n<\/span>\n\t\t<\/a>\n\t\t<div id=\"accordion-1002068748-content\" class=\"accordion-inner\" aria-labelledby=\"accordion-1002068748-label\">\n\t\t\t\n\n<p>Please see the <a href=\"https:\/\/photodealers.pt\/en\/category-product\/lab\/\" target=\"_blank\" rel=\"noopener\">Laboratory &#8211; Services section<\/a><\/p>\n\n\t\t<\/div>\n\t<\/div>\n\t\n\t<div id=\"accordion-2330429472\" class=\"accordion-item\">\n\t\t<a id=\"accordion-2330429472-label\" class=\"accordion-title plain\" href=\"#accordion-item-what-film-formats-do-photo-dealers-develop?\" aria-expanded=\"false\" aria-controls=\"accordion-2330429472-content\">\n\t\t\t<button class=\"toggle\" aria-label=\"Toggle\"><i class=\"icon-angle-down\" aria-hidden=\"true\"><\/i><\/button>\n\t\t\t<span>What film formats do Photo Dealers develop?<\/span>\n\t\t<\/a>\n\t\t<div id=\"accordion-2330429472-content\" class=\"accordion-inner\" aria-labelledby=\"accordion-2330429472-label\">\n\t\t\t\n\n<ul>\n<li style=\"list-style-type: none;\">\n<ul>\n<li>\n<p>Almost anything! <span style=\"font-family: Segoe UI Emoji, serif;\">\ud83d\ude0a<\/span>  From sub-miniature to 8&#8217;x10&#8242;.<\/p>\n<\/li>\n<\/ul>\n<\/li>\n<\/ul>\n\n\t\t<\/div>\n\t<\/div>\n\t\n\t<div id=\"accordion-3826031678\" class=\"accordion-item\">\n\t\t<a id=\"accordion-3826031678-label\" class=\"accordion-title plain\" href=\"#accordion-item-%20what-developer-do-you-use?-\" aria-expanded=\"false\" aria-controls=\"accordion-3826031678-content\">\n\t\t\t<button class=\"toggle\" aria-label=\"Toggle\"><i class=\"icon-angle-down\" aria-hidden=\"true\"><\/i><\/button>\n\t\t\t<span> What developer do you use?\n<\/span>\n\t\t<\/a>\n\t\t<div id=\"accordion-3826031678-content\" class=\"accordion-inner\" aria-labelledby=\"accordion-3826031678-label\">\n\t\t\t\n\n<ul>\n<li style=\"list-style-type: none;\">\n<ul>\n<li>\n<p>By definition for B&#038;W is XTOL and for C41 is Tetenal.<\/p>\n<\/li>\n<\/ul>\n<\/li>\n<\/ul>\n\n\t\t<\/div>\n\t<\/div>\n\t\n\t<div id=\"accordion-490991066\" class=\"accordion-item\">\n\t\t<a id=\"accordion-490991066-label\" class=\"accordion-title plain\" href=\"#accordion-item-can-my-film-be-developed-with-other-developers?\" aria-expanded=\"false\" aria-controls=\"accordion-490991066-content\">\n\t\t\t<button class=\"toggle\" aria-label=\"Toggle\"><i class=\"icon-angle-down\" aria-hidden=\"true\"><\/i><\/button>\n\t\t\t<span>Can my film be developed with other developers?<\/span>\n\t\t<\/a>\n\t\t<div id=\"accordion-490991066-content\" class=\"accordion-inner\" aria-labelledby=\"accordion-490991066-label\">\n\t\t\t\n\n<p>Sim, claro. Contacta-nos com o que pretendes.<br \/>\n&#8211; geral@photodealers.pt<br \/>\n&#8211; +351 918525154<\/p>\n\n\t\t<\/div>\n\t<\/div>\n\t\n\t<div id=\"accordion-3324590558\" class=\"accordion-item\">\n\t\t<a id=\"accordion-3324590558-label\" class=\"accordion-title plain\" href=\"#accordion-item-what-film-formats-do-photo-dealers-scan?-\" aria-expanded=\"false\" aria-controls=\"accordion-3324590558-content\">\n\t\t\t<button class=\"toggle\" aria-label=\"Toggle\"><i class=\"icon-angle-down\" aria-hidden=\"true\"><\/i><\/button>\n\t\t\t<span>What film formats do Photo Dealers scan?\n<\/span>\n\t\t<\/a>\n\t\t<div id=\"accordion-3324590558-content\" class=\"accordion-inner\" aria-labelledby=\"accordion-3324590558-label\">\n\t\t\t\n\n<p>From sub-miniature to 8&#8217;x10&#8242;.<\/p>\n\n\t\t<\/div>\n\t<\/div>\n\t\n\t<div id=\"accordion-860546019\" class=\"accordion-item\">\n\t\t<a id=\"accordion-860546019-label\" class=\"accordion-title plain\" href=\"#accordion-item-how-long-will-it-take-to-receive-the-scan-of-my-negative?\" aria-expanded=\"false\" aria-controls=\"accordion-860546019-content\">\n\t\t\t<button class=\"toggle\" aria-label=\"Toggle\"><i class=\"icon-angle-down\" aria-hidden=\"true\"><\/i><\/button>\n\t\t\t<span>How long will it take to receive the scan of my negative?<\/span>\n\t\t<\/a>\n\t\t<div id=\"accordion-860546019-content\" class=\"accordion-inner\" aria-labelledby=\"accordion-860546019-label\">\n\t\t\t\n\n<p>\u25e6 Negativo cor e P&amp;B \u2013 5 dias \u00fateis;<\/p>\n<p>\u25e6 Slide e ECN-2 \u2013 15 dias \u00fateis;<br \/>\n\u25e6 Taxa de urg\u00eancia 1 dia \u2013 acresce o valor de 5\u20ac por filme;<\/p>\n\n\t\t<\/div>\n\t<\/div>\n\t\n\t<div id=\"accordion-1501581712\" class=\"accordion-item\">\n\t\t<a id=\"accordion-1501581712-label\" class=\"accordion-title plain\" href=\"#accordion-item-how-do-i-receive-the-scans-of-my-negatives?\" aria-expanded=\"false\" aria-controls=\"accordion-1501581712-content\">\n\t\t\t<button class=\"toggle\" aria-label=\"Toggle\"><i class=\"icon-angle-down\" aria-hidden=\"true\"><\/i><\/button>\n\t\t\t<span>How do I receive the scans of my negatives?<\/span>\n\t\t<\/a>\n\t\t<div id=\"accordion-1501581712-content\" class=\"accordion-inner\" aria-labelledby=\"accordion-1501581712-label\">\n\t\t\t\n\n<p>You will receive a download link by email.\u2006 We use WeTransfer.<\/p>\n\n\t\t<\/div>\n\t<\/div>\n\t\n\t<div id=\"accordion-1043194821\" class=\"accordion-item\">\n\t\t<a id=\"accordion-1043194821-label\" class=\"accordion-title plain\" href=\"#accordion-item-how-do-i-get-my-negative-back?\" aria-expanded=\"false\" aria-controls=\"accordion-1043194821-content\">\n\t\t\t<button class=\"toggle\" aria-label=\"Toggle\"><i class=\"icon-angle-down\" aria-hidden=\"true\"><\/i><\/button>\n\t\t\t<span>how do i get my negative back?<\/span>\n\t\t<\/a>\n\t\t<div id=\"accordion-1043194821-content\" class=\"accordion-inner\" aria-labelledby=\"accordion-1043194821-label\">\n\t\t\t\n\n<p>\u25e6 Enviamos os negativos de volta ap\u00f3s o servi\u00e7o de revela\u00e7\u00e3o\/digitaliza\u00e7\u00e3o, com o custo dos respetivos portes de envio ( sempre com n\u00famero de registo).<br \/>\n\u25e6 Podemos enviar os filmes cortados e em mica para arquivo ( + 0.35\u20ac) ou inteiro.<br \/>\n\u25e6 Se desejar podemos arquivar e devolver ao fim de um per\u00edodo de tempo.<\/p>\n\n\t\t<\/div>\n\t<\/div>\n\t\n\t<div id=\"accordion-1415715270\" class=\"accordion-item\">\n\t\t<a id=\"accordion-1415715270-label\" class=\"accordion-title plain\" href=\"#accordion-item-can-i-collect-in-a-physical-shop?\" aria-expanded=\"false\" aria-controls=\"accordion-1415715270-content\">\n\t\t\t<button class=\"toggle\" aria-label=\"Toggle\"><i class=\"icon-angle-down\" aria-hidden=\"true\"><\/i><\/button>\n\t\t\t<span>Can I collect in a physical shop?<\/span>\n\t\t<\/a>\n\t\t<div id=\"accordion-1415715270-content\" class=\"accordion-inner\" aria-labelledby=\"accordion-1415715270-label\">\n\t\t\t\n\n<p>&#8211; Yes, at the address Rua Oliveira Monteiro n\u00ba 368, 4050-439 Porto <\/p>\n\n\t\t<\/div>\n\t<\/div>\n\t\n\n<\/div>\n\t<div id=\"gap-890372297\" class=\"gap-element clearfix\" style=\"display:block; height:auto;\">\n\t\t\n<style>\n#gap-890372297 {\n  padding-top: 30px;\n}\n<\/style>\n\t<\/div>\n\t\n\n<h3 class=\"accordion_title\">Shop FAQ<\/h3><div class=\"accordion\">\n\n\t<div id=\"accordion-393599958\" class=\"accordion-item\">\n\t\t<a id=\"accordion-393599958-label\" class=\"accordion-title plain\" href=\"#accordion-item-%20apart-from-lab-services,-what-do-photo-dealers-have?\" aria-expanded=\"false\" aria-controls=\"accordion-393599958-content\">\n\t\t\t<button class=\"toggle\" aria-label=\"Toggle\"><i class=\"icon-angle-down\" aria-hidden=\"true\"><\/i><\/button>\n\t\t\t<span> Apart from lab services, what do Photo Dealers have?<\/span>\n\t\t<\/a>\n\t\t<div id=\"accordion-393599958-content\" class=\"accordion-inner\" aria-labelledby=\"accordion-393599958-label\">\n\t\t\t\n\n<p>\u25e6 Temos material usado \u2013 m\u00e1quinas, objetivas e acess\u00f3rios;<br \/>\n\u25e6 Temos material novo \u2013 m\u00e1quinas, objetivas e acess\u00f3rios;<br \/>\n\u25e6 Temos tamb\u00e9m material para camara escura e revela\u00e7\u00e3o<\/p>\n\n\t\t<\/div>\n\t<\/div>\n\t\n\t<div id=\"accordion-3086522179\" class=\"accordion-item\">\n\t\t<a id=\"accordion-3086522179-label\" class=\"accordion-title plain\" href=\"#accordion-item-how-do-you-grade-the-material-used?\" aria-expanded=\"false\" aria-controls=\"accordion-3086522179-content\">\n\t\t\t<button class=\"toggle\" aria-label=\"Toggle\"><i class=\"icon-angle-down\" aria-hidden=\"true\"><\/i><\/button>\n\t\t\t<span>How do you grade the material used?<\/span>\n\t\t<\/a>\n\t\t<div id=\"accordion-3086522179-content\" class=\"accordion-inner\" aria-labelledby=\"accordion-3086522179-label\">\n\t\t\t\n\n<p>We have a table where we explain how we classify in terms of aesthetics and the working condition of the items. See link.<\/p>\n\n\t\t<\/div>\n\t<\/div>\n\t\n\t<div id=\"accordion-3721510146\" class=\"accordion-item\">\n\t\t<a id=\"accordion-3721510146-label\" class=\"accordion-title plain\" href=\"#accordion-item-do-the-articles-have-a-guarantee?-\" aria-expanded=\"false\" aria-controls=\"accordion-3721510146-content\">\n\t\t\t<button class=\"toggle\" aria-label=\"Toggle\"><i class=\"icon-angle-down\" aria-hidden=\"true\"><\/i><\/button>\n\t\t\t<span>Do the articles have a guarantee?\n<\/span>\n\t\t<\/a>\n\t\t<div id=\"accordion-3721510146-content\" class=\"accordion-inner\" aria-labelledby=\"accordion-3721510146-label\">\n\t\t\t\n\n<p>\u25e6 Artigos novos t\u00eam garantia de fabricante.<\/p>\n<p>\u25e6 Artigos usados t\u00eam uma garantia de 90 dias ou outro per\u00edodo diferente se estabelecido no ato da compra.<br \/>\u25e6 As seguintes classes est\u00e3o cobertas pela garantia: Like New, Like New Minus, Excellent Plus, Excellent, e Good\/User Condition, excluindo qualquer equipamento denotado como &#8220;inoperacional&#8221;.<br \/>\u25e6 A nossa garantia n\u00e3o cobre os graus Fair ou As-Is, baterias, l\u00e2mpadas, e defeitos materiais e n\u00e3o mec\u00e2nicos. Os danos resultantes de mau uso ou neglig\u00eancia, incluindo gotas, \u00e1gua, areia, ou adultera\u00e7\u00e3o por qualquer outra pessoa que n\u00e3o a equipa dos Photo Dealers, anular\u00e1 a garantia.<br \/>\n\u25e6 Uma garantia alargada pode tamb\u00e9m estar dispon\u00edvel para alguns produtos.<br \/>\n\u25e6 Se tiver alguma d\u00favida sobre a nossa garantia, por favor contacte-nos pelo telefone +351 918525154 e teremos todo o prazer em ajudar.<\/p>\n\n\t\t<\/div>\n\t<\/div>\n\t\n\t<div id=\"accordion-336984345\" class=\"accordion-item\">\n\t\t<a id=\"accordion-336984345-label\" class=\"accordion-title plain\" href=\"#accordion-item-%20what-is-your-return-policy?\" aria-expanded=\"false\" aria-controls=\"accordion-336984345-content\">\n\t\t\t<button class=\"toggle\" aria-label=\"Toggle\"><i class=\"icon-angle-down\" aria-hidden=\"true\"><\/i><\/button>\n\t\t\t<span> What is your return policy?<\/span>\n\t\t<\/a>\n\t\t<div id=\"accordion-336984345-content\" class=\"accordion-inner\" aria-labelledby=\"accordion-336984345-label\">\n\t\t\t\n\n<ul>\n<li style=\"list-style-type: none;\">\n<ul>\n<li>\n<p>\nAt Photo Dealers, our goal is to ensure your satisfaction in full. If you are not satisfied with your purchase, you may return or exchange it within 14 days of delivery for a full refund.<\/p>\n<\/li>\n<li>\n<p>Returns and exchanges are subject to the following conditions:<\/p>\n<\/li>\n<\/ul>\n<\/li>\n<\/ul>\n<ul>\n<li style=\"list-style-type: none;\">\n<ul>\n<li style=\"list-style-type: none;\">\n<ul>\n<li>\n<p>Merchandise may be returned within 14 days of delivery for a full refund, excluding any shipping charges. Items that have qualified for free shipping will have our standard shipping charges deducted from the refund or credit.<\/p>\n<\/li>\n<li>\n<p>NEW items must be in perfect condition and returned in the original manufacturer&#8217;s box, undamaged. All original manufacturer&#8217;s packaging materials, accessories and original warranty cards must also be included.<\/p>\n<\/li>\n<li>\n<p>USED (Like New, Like New-, Excellent+, Excellent, Good\/User condition;Fair) items must be returned in the same condition as they were originally sent.<\/p>\n<\/li>\n<\/ul>\n<\/li>\n<li>\n<p>The following products cannot be returned:<\/p>\n<ul>\n<li>\n<p>Items As-Is\/for parts.<\/p>\n<\/li>\n<li>\n<p>Photosensitized films and other products<\/p>\n<\/li>\n<\/ul>\n<\/li>\n<li>\n<p>Return shipping costs are the responsibility of the customer and are non-refundable. Import\/export taxes and fees associated with international orders are also the responsibility of the customer and are non-refundable.<\/p>\n<\/li>\n<li>\n<p>Returns and exchanges must be returned prepaid; we cannot accept cash on delivery.<\/p>\n<\/li>\n<li>\n<p>Photo Dealers are not responsible for lost returns<\/p>\n<\/li>\n<\/ul>\n<\/li>\n<\/ul>\n\n\t\t<\/div>\n\t<\/div>\n\t\n\n<\/div>\n\t<div id=\"gap-689287879\" class=\"gap-element clearfix\" style=\"display:block; height:auto;\">\n\t\t\n<style>\n#gap-689287879 {\n  padding-top: 30px;\n}\n<\/style>\n\t<\/div>\n\t\n\n<h3 class=\"accordion_title\">Sale of material FAQ <\/h3><div class=\"accordion\">\n\n\t<div id=\"accordion-1925109906\" class=\"accordion-item\">\n\t\t<a id=\"accordion-1925109906-label\" class=\"accordion-title plain\" href=\"#accordion-item-%20do-photo-dealers-buy-used-equipment?\" aria-expanded=\"false\" aria-controls=\"accordion-1925109906-content\">\n\t\t\t<button class=\"toggle\" aria-label=\"Toggle\"><i class=\"icon-angle-down\" aria-hidden=\"true\"><\/i><\/button>\n\t\t\t<span> Do Photo Dealers buy used equipment?<\/span>\n\t\t<\/a>\n\t\t<div id=\"accordion-1925109906-content\" class=\"accordion-inner\" aria-labelledby=\"accordion-1925109906-label\">\n\t\t\t\n\n<p>Yes, to sell your equipment fill out the form in the Sell Equipment section. Send detailed photos of the equipment as well as a description of its general operation. Due to the volume of requests received, please allow at least 24 hours for a response.<\/p>\n\n\t\t<\/div>\n\t<\/div>\n\t\n\t<div id=\"accordion-2418443491\" class=\"accordion-item\">\n\t\t<a id=\"accordion-2418443491-label\" class=\"accordion-title plain\" href=\"#accordion-item-how-can-we-deliver-the-equipment?\" aria-expanded=\"false\" aria-controls=\"accordion-2418443491-content\">\n\t\t\t<button class=\"toggle\" aria-label=\"Toggle\"><i class=\"icon-angle-down\" aria-hidden=\"true\"><\/i><\/button>\n\t\t\t<span>How can we deliver the equipment?<\/span>\n\t\t<\/a>\n\t\t<div id=\"accordion-2418443491-content\" class=\"accordion-inner\" aria-labelledby=\"accordion-2418443491-label\">\n\t\t\t\n\n<p>In-person delivery and pickup is available Monday through Friday from 2.30pm to 6pm at our store, and all day Saturday from 10am to 6pm..<\/p>\n\n\t\t<\/div>\n\t<\/div>\n\t\n\t<div id=\"accordion-2193431707\" class=\"accordion-item\">\n\t\t<a id=\"accordion-2193431707-label\" class=\"accordion-title plain\" href=\"#accordion-item-what-are-the-payment-methods?\" aria-expanded=\"false\" aria-controls=\"accordion-2193431707-content\">\n\t\t\t<button class=\"toggle\" aria-label=\"Toggle\"><i class=\"icon-angle-down\" aria-hidden=\"true\"><\/i><\/button>\n\t\t\t<span>What are the payment methods?<\/span>\n\t\t<\/a>\n\t\t<div id=\"accordion-2193431707-content\" class=\"accordion-inner\" aria-labelledby=\"accordion-2193431707-label\">\n\t\t\t\n\n<ul>\n<li style=\"list-style-type: none;\">\n<ul>\n<li>\n<p><u>In store pick up<\/u><\/p>\n<\/li>\n<li>\n<p><u>Paypal<\/u> &#8211; Add 3.5%<\/p>\n<\/li>\n<li>\n<p><u>Mbway <\/u><\/p>\n<\/li>\n<li>\n<p>Bank transfer<\/p>\n<\/li>\n<\/ul>\n<\/li>\n<\/ul>\n\n\t\t<\/div>\n\t<\/div>\n\t\n\n<\/div>\n\n","protected":false},"excerpt":{"rendered":"","protected":false},"author":1,"featured_media":0,"parent":0,"menu_order":0,"comment_status":"closed","ping_status":"closed","template":"","meta":{"footnotes":""},"class_list":["post-1919","page","type-page","status-publish","hentry"],"_links":{"self":[{"href":"https:\/\/photodealers.pt\/en\/wp-json\/wp\/v2\/pages\/1919","targetHints":{"allow":["GET"]}}],"collection":[{"href":"https:\/\/photodealers.pt\/en\/wp-json\/wp\/v2\/pages"}],"about":[{"href":"https:\/\/photodealers.pt\/en\/wp-json\/wp\/v2\/types\/page"}],"author":[{"embeddable":true,"href":"https:\/\/photodealers.pt\/en\/wp-json\/wp\/v2\/users\/1"}],"replies":[{"embeddable":true,"href":"https:\/\/photodealers.pt\/en\/wp-json\/wp\/v2\/comments?post=1919"}],"version-history":[{"count":0,"href":"https:\/\/photodealers.pt\/en\/wp-json\/wp\/v2\/pages\/1919\/revisions"}],"wp:attachment":[{"href":"https:\/\/photodealers.pt\/en\/wp-json\/wp\/v2\/media?parent=1919"}],"curies":[{"name":"wp","href":"https:\/\/api.w.org\/{rel}","templated":true}]}}